{"id":344,"date":"2020-04-24T11:28:43","date_gmt":"2020-04-24T09:28:43","guid":{"rendered":"http:\/\/pphu-mgrot.pl\/?page_id=344"},"modified":"2020-05-01T14:39:41","modified_gmt":"2020-05-01T12:39:41","slug":"historia","status":"publish","type":"page","link":"http:\/\/pphu-mgrot.pl\/index.php\/historia\/","title":{"rendered":"Historia"},"content":{"rendered":"<div data-colibri-id=\"344-c1\" class=\"style-1538 style-local-344-c1 position-relative\">\n  <!---->\n  <div data-colibri-component=\"section\" data-colibri-id=\"344-c2\" id=\"initial-content\" class=\"h-section h-section-global-spacing d-flex align-items-lg-center align-items-md-center align-items-center style-1539 style-local-344-c2 position-relative\">\n    <!---->\n    <!---->\n    <div class=\"h-section-grid-container h-section-boxed-container\">\n      <!---->\n      <div data-colibri-id=\"344-c6\" class=\"h-row-container gutters-row-lg-2 gutters-row-md-2 gutters-row-0 gutters-row-v-lg-2 gutters-row-v-md-2 gutters-row-v-2 style-1543 style-local-344-c6 position-relative\">\n        <!---->\n        <div class=\"h-row justify-content-lg-center justify-content-md-center justify-content-center align-items-lg-stretch align-items-md-stretch align-items-stretch gutters-col-lg-2 gutters-col-md-2 gutters-col-0 gutters-col-v-lg-2 gutters-col-v-md-2 gutters-col-v-2\">\n          <!---->\n          <div class=\"h-column h-column-container d-flex h-col-lg-auto h-col-md-auto h-col-auto style-1544-outer style-local-344-c7-outer\">\n            <div data-colibri-id=\"344-c7\" class=\"d-flex h-flex-basis h-column__inner h-px-lg-2 h-px-md-2 h-px-2 v-inner-lg-2 v-inner-md-2 v-inner-2 style-1544 style-local-344-c7 position-relative\">\n              <!---->\n              <!---->\n              <div class=\"w-100 h-y-container h-column__content h-column__v-align flex-basis-100 align-self-lg-start align-self-md-start align-self-start\">\n                <!---->\n                <div data-colibri-id=\"344-c8\" class=\"h-text h-text-component style-1545 style-local-344-c8 position-relative h-element\">\n                  <!---->\n                  <!---->\n                  <div class=\"\">\n                    <p><strong>PPHU Maciej Grot<\/strong> istnieje od maja 1960r.<\/p>\n                    <p>Pocz\u0105tkowo, tzn. do 1972r., dzia\u0142a\u0142 pod patronatem <em>Sp\u00f3\u0142dzielni Inwalid\u00f3w Naprz\u00f3d<\/em> w Sosnowcu jako zak\u0142ad us\u0142ugowy RTV i sprz\u0119tu elektronicznego z nazw\u0105 <em>Radio-Tele-Serwis<\/em>. P\u00f3\u017aniej patronat przej\u0119\u0142a <em>Sp\u00f3\u0142dzielnia Pracy Mechanik\u00f3w Precyzyjnych<\/em>                      w Katowicach.<\/p>\n                    <p>Przez ca\u0142y okres dzia\u0142alno\u015bci us\u0142ugowej firma zajmowa\u0142a si\u0119 r\u00f3wnie\u017c elektronik\u0105 i elektrotechnik\u0105 przemys\u0142ow\u0105 w zakresie serwisu i jednostkowej produkcji r\u00f3\u017cnych urz\u0105dze\u0144 sterowania i automatyki, wraz z opracowaniami konstrukcyjnymi.<\/p>\n                    <p>Od lutego 1983r. zak\u0142ad jest prywatnym przedsi\u0119biorstwem. Pocz\u0105tkowo pod nazw\u0105 <em>Zak\u0142ad Elektromechaniczno-\u015alusarski Maciej Grot<\/em>, a od 1987r. pod nazw\u0105 <strong>Przedsi\u0119biorstwo Produkcyjno-Handlowo-Us\u0142ugowe Maciej Grot<\/strong><\/p>\n                    <p>PPHU Maciej Grot produkowa\u0142o r\u00f3\u017cne urz\u0105dzenia elektroniczne i elektryczne z przeznaczeniem dla innych przedsi\u0119biorstw, m.in. takich jak:<em> KGHM Lubin<\/em>, <em>G\u0142\u00f3wny Instytut G\u00f3rnictwa<\/em> w Katowicach i innych.<\/p>\n                    <p>Od 1984r. rozpocz\u0119to wsp\u00f3\u0142prac\u0119 z <em>Laboratorium Automatyki i Telekomunikacji \u015al. DOKP<\/em> w Katowicach, oraz z <em>Zak\u0142adami Wytw\u00f3rczymi Urz\u0105dze\u0144 Sygnalizacyjnych<\/em> w Katowicach.<\/p>\n                    <p>Pocz\u0105tkowo firma wykonywa\u0142a prototypy i kr\u00f3tkie serie na zlecenia w\/w przedsi\u0119biorstw. Dotyczy\u0142o to takich urz\u0105dze\u0144 jak: <em>ERL-11014<\/em>; <em>ZPG-20103<\/em>; <em>ERL-10016<\/em>; <em>migacz pulpitowy<\/em>; <em>p\u0142ytka Pwy<\/em> oraz\n                      wielu innych. Jednocze\u015bnie systematycznie unowocze\u015bniano konstrukcje i technologie produkcji tych urz\u0105dze\u0144.<\/p>\n                    <p>W 1991r. we wsp\u00f3\u0142pracy z AL Katowice rozpocz\u0119to produkcj\u0119 urz\u0105dze\u0144 <em>P\u00f3\u0142samoczynnej Blokady Eap<\/em> i kontynuowano j\u0105 do pa\u017adziernika 1994r. Ponadto od pocz\u0105tku 1994r. rozpocz\u0119\u0142y si\u0119 prace nad modernizacj\u0105 urz\u0105dze\u0144 blokady p\u00f3\u0142samoczynnej\n                      pod k\u0105tem zmniejszenia gabaryt\u00f3w, obni\u017cenia koszt\u00f3w jej produkcji jak r\u00f3wnie\u017c poprawienia niezawodno\u015bci pracy, nie zmieniaj\u0105c nic w logice jej dzia\u0142ania. Wyr\u00f3b otrzyma\u0142 nazw\u0119 <em>P\u00f3\u0142samoczynna Blokada Liniowa typu Eap-94<\/em> i zosta\u0142\n                      zg\u0142oszony w lipcu 1995r do bada\u0144 w <em>CNTK Warszawa<\/em>.<\/p>\n                    <p>Po ich przeprowadzeniu produkt ten otrzyma\u0142 w sierpniu 1997r. <em>\u015awiadectwo Kwalifikacji Wyrobu<\/em> oraz <em>Opini\u0119 do \u015awiadectwa Kwalifikacji<\/em>. Nale\u017cy nadmieni\u0107, \u017ce w ramach porozumienia zawartego w lutym 1994r. z <em>ABB ZWUS<\/em>                      w Katowicach i p\u00f3\u017aniejsz\u0105 umow\u0105 z dn. 27.09.1995r., ka\u017cda ze stron umowy jest pe\u0142noprawnym wsp\u00f3\u0142w\u0142a\u015bcicielem rozwi\u0105za\u0144 schematowych blokady, co upowa\u017cnia obydwa przedsi\u0119biorstwa do niezale\u017cnego wyst\u0105pienia do CNTK o wydanie \u015awiadectwa\n                      Kwalifikacji Wyrobu jak i do ewentualnej produkcji. Taka sytuacja zapewnia przedsi\u0119biorstwu<em> PKP Polskie Linie Kolejowe SA <\/em>dw\u00f3ch niezale\u017cnych producent\u00f3w.<\/p>\n                    <p>W 2010r przedsi\u0119biorstwo przekszta\u0142cone zosta\u0142o w sp\u00f3\u0142k\u0119 <strong>P.P.H.U. Maciej Grot Sp. z o.o. <\/strong><\/p>\n                  <\/div>\n                <\/div>\n              <\/div>\n            <\/div>\n          <\/div>\n        <\/div>\n      <\/div>\n      <div data-colibri-id=\"344-c3\" class=\"h-row-container gutters-row-lg-2 gutters-row-md-2 gutters-row-0 gutters-row-v-lg-2 gutters-row-v-md-2 gutters-row-v-2 style-1540 style-local-344-c3 position-relative\">\n        <!---->\n        <div class=\"h-row justify-content-lg-center justify-content-md-center justify-content-center align-items-lg-stretch align-items-md-stretch align-items-stretch gutters-col-lg-2 gutters-col-md-2 gutters-col-0 gutters-col-v-lg-2 gutters-col-v-md-2 gutters-col-v-2\">\n          <!---->\n          <div class=\"h-column h-column-container d-flex h-col-lg-auto h-col-md-auto h-col-auto style-1541-outer style-local-344-c4-outer\">\n            <div data-colibri-id=\"344-c4\" class=\"d-flex h-flex-basis h-column__inner h-ui-empty-state-container h-px-lg-2 h-px-md-2 h-px-2 v-inner-lg-2 v-inner-md-2 v-inner-2 style-1541 style-local-344-c4 position-relative\">\n              <!---->\n              <!---->\n              <div class=\"w-100 h-y-container h-column__content h-column__v-align flex-basis-100\">\n                <!---->\n              <\/div>\n            <\/div>\n          <\/div>\n        <\/div>\n      <\/div>\n    <\/div>\n  <\/div>\n<\/div>","protected":false},"excerpt":{"rendered":"<p>PPHU Maciej Grot istnieje od maja 1960r. Pocz\u0105tkowo, tzn. do 1972r., dzia\u0142a\u0142 pod patronatem Sp\u00f3\u0142dzielni Inwalid\u00f3w Naprz\u00f3d w Sosnowcu jako zak\u0142ad us\u0142ugowy RTV i sprz\u0119tu elektronicznego z nazw\u0105 Radio-Tele-Serwis. P\u00f3\u017aniej patronat przej\u0119\u0142a Sp\u00f3\u0142dzielnia Pracy Mechanik\u00f3w Precyzyjnych w Katowicach. Przez ca\u0142y okres dzia\u0142alno\u015bci us\u0142ugowej firma zajmowa\u0142a si\u0119 r\u00f3wnie\u017c elektronik\u0105 i elektrotechnik\u0105 przemys\u0142ow\u0105 w zakresie serwisu i [&hellip;]<\/p>\n","protected":false},"author":1,"featured_media":0,"parent":0,"menu_order":0,"comment_status":"closed","ping_status":"closed","template":"page-templates\/full-width-page.php","meta":{"footnotes":""},"class_list":["post-344","page","type-page","status-publish","hentry"],"_links":{"self":[{"href":"http:\/\/pphu-mgrot.pl\/index.php\/wp-json\/wp\/v2\/pages\/344","targetHints":{"allow":["GET"]}}],"collection":[{"href":"http:\/\/pphu-mgrot.pl\/index.php\/wp-json\/wp\/v2\/pages"}],"about":[{"href":"http:\/\/pphu-mgrot.pl\/index.php\/wp-json\/wp\/v2\/types\/page"}],"author":[{"embeddable":true,"href":"http:\/\/pphu-mgrot.pl\/index.php\/wp-json\/wp\/v2\/users\/1"}],"replies":[{"embeddable":true,"href":"http:\/\/pphu-mgrot.pl\/index.php\/wp-json\/wp\/v2\/comments?post=344"}],"version-history":[{"count":3,"href":"http:\/\/pphu-mgrot.pl\/index.php\/wp-json\/wp\/v2\/pages\/344\/revisions"}],"predecessor-version":[{"id":1826,"href":"http:\/\/pphu-mgrot.pl\/index.php\/wp-json\/wp\/v2\/pages\/344\/revisions\/1826"}],"wp:attachment":[{"href":"http:\/\/pphu-mgrot.pl\/index.php\/wp-json\/wp\/v2\/media?parent=344"}],"curies":[{"name":"wp","href":"https:\/\/api.w.org\/{rel}","templated":true}]}}