{"id":350,"date":"2020-04-24T11:32:20","date_gmt":"2020-04-24T09:32:20","guid":{"rendered":"http:\/\/pphu-mgrot.pl\/?page_id=350"},"modified":"2022-03-16T08:09:10","modified_gmt":"2022-03-16T07:09:10","slug":"do-pobrania","status":"publish","type":"page","link":"http:\/\/pphu-mgrot.pl\/index.php\/do-pobrania\/","title":{"rendered":"DO POBRANIA"},"content":{"rendered":"<div data-colibri-id=\"350-c1\" class=\"style-683 style-local-350-c1 position-relative\">\n  <!---->\n  <div data-colibri-component=\"section\" data-colibri-id=\"350-c2\" id=\"about\" class=\"h-section h-section-global-spacing d-flex align-items-lg-center align-items-md-center align-items-center style-698 style-local-350-c2 position-relative\">\n    <!---->\n    <!---->\n    <div class=\"h-section-grid-container h-section-boxed-container\">\n      <!---->\n      <div data-colibri-id=\"350-c3\" class=\"h-row-container gutters-row-lg-2 gutters-row-md-2 gutters-row-2 gutters-row-v-lg-2 gutters-row-v-md-2 gutters-row-v-2 style-699 style-local-350-c3 position-relative\">\n        <!---->\n        <div class=\"h-row justify-content-lg-center justify-content-md-center justify-content-center align-items-lg-stretch align-items-md-stretch align-items-stretch gutters-col-lg-2 gutters-col-md-2 gutters-col-2 gutters-col-v-lg-2 gutters-col-v-md-2 gutters-col-v-2\">\n          <!---->\n          <div class=\"h-column h-column-container d-flex h-col-lg-auto h-col-md-auto h-col-auto style-700-outer style-local-350-c4-outer\">\n            <div data-colibri-id=\"350-c4\" class=\"d-flex h-flex-basis h-column__inner h-px-lg-2 h-px-md-2 h-px-2 v-inner-lg-2 v-inner-md-2 v-inner-2 style-700 style-local-350-c4 position-relative\">\n              <!---->\n              <!---->\n              <div class=\"w-100 h-y-container h-column__content h-column__v-align flex-basis-100 align-self-lg-center align-self-md-center align-self-center\">\n                <!---->\n                <div data-colibri-id=\"350-c5\" class=\"h-global-transition-all h-heading style-701 style-local-350-c5 position-relative h-element\">\n                  <!---->\n                  <div class=\"h-heading__outer style-701 style-local-350-c5\">\n                    <!---->\n                    <!---->\n                    <h5 class=\"\">PLIKI DO POBRANIA:<\/h5>\n                  <\/div>\n                <\/div>\n                <div data-colibri-id=\"350-c6\" class=\"h-x-container style-708 style-local-350-c6 position-relative h-element\">\n                  <!---->\n                  <div class=\"h-x-container-inner style-dynamic-350-c6-group style-708-spacing style-local-350-c6-spacing\"><span class=\"h-link__outer style-709-outer style-local-350-c7-outer d-inline-flex h-element\"><a h-use-smooth-scroll=\"true\" href=\"http:\/\/pphu-mgrot.pl\/index.php\/kontakt\/\" target=\"_blank\" data-colibri-id=\"350-c7\" class=\"d-flex w-100 align-items-center h-link style-709 style-local-350-c7 position-relative\" rel=\"noopener\"><!----><span  class=\"h-svg-icon h-link__icon style-709-icon style-local-350-c7-icon\"><!--Icon by Font Awesome (https:\/\/fontawesome.com)--><svg version=\"1.1\" xmlns=\"http:\/\/www.w3.org\/2000\/svg\" xmlns:xlink=\"http:\/\/www.w3.org\/1999\/xlink\" id=\"download\" viewBox=\"0 0 1664 1896.0833\"><path d=\"M1280 1344q0-26-19-45t-45-19-45 19-19 45 19 45 45 19 45-19 19-45zm256 0q0-26-19-45t-45-19-45 19-19 45 19 45 45 19 45-19 19-45zm128-224v320q0 40-28 68t-68 28H96q-40 0-68-28t-28-68v-320q0-40 28-68t68-28h465l135 136q58 56 136 56t136-56l136-136h464q40 0 68 28t28 68zm-325-569q17 41-14 70l-448 448q-18 19-45 19t-45-19L339 621q-31-29-14-70 17-39 59-39h256V64q0-26 19-45t45-19h256q26 0 45 19t19 45v448h256q42 0 59 39z\"><\/path><\/svg><\/span>                    <span>Oferta PKP<\/span><\/a>\n                    <\/span>\n                  <\/div>\n                <\/div>\n                <div data-colibri-id=\"350-c8\" class=\"h-x-container style-984 style-local-350-c8 position-relative h-element\">\n                  <!---->\n                  <div class=\"h-x-container-inner style-dynamic-350-c8-group style-984-spacing style-local-350-c8-spacing\"><span class=\"h-link__outer style-985-outer style-local-350-c9-outer d-inline-flex h-element\"><a h-use-smooth-scroll=\"true\" href=\"http:\/\/www.pphu-mgrot.pl\/download\/pdf\/album sch.Eap-94_ster.klasyczne.pdf\" target=\"_blank\" data-colibri-id=\"350-c9\" class=\"d-flex w-100 align-items-center h-link style-985 style-local-350-c9 position-relative\" rel=\"noopener\"><!----><span  class=\"h-svg-icon h-link__icon style-985-icon style-local-350-c9-icon\"><!--Icon by Font Awesome (https:\/\/fontawesome.com)--><svg version=\"1.1\" xmlns=\"http:\/\/www.w3.org\/2000\/svg\" xmlns:xlink=\"http:\/\/www.w3.org\/1999\/xlink\" id=\"download\" viewBox=\"0 0 1664 1896.0833\"><path d=\"M1280 1344q0-26-19-45t-45-19-45 19-19 45 19 45 45 19 45-19 19-45zm256 0q0-26-19-45t-45-19-45 19-19 45 19 45 45 19 45-19 19-45zm128-224v320q0 40-28 68t-68 28H96q-40 0-68-28t-28-68v-320q0-40 28-68t68-28h465l135 136q58 56 136 56t136-56l136-136h464q40 0 68 28t28 68zm-325-569q17 41-14 70l-448 448q-18 19-45 19t-45-19L339 621q-31-29-14-70 17-39 59-39h256V64q0-26 19-45t45-19h256q26 0 45 19t19 45v448h256q42 0 59 39z\"><\/path><\/svg><\/span>                    <span>Album schem. Eap-94 (pulpit klasyczny)<\/span><\/a>\n                    <\/span>\n                  <\/div>\n                <\/div>\n                <div data-colibri-id=\"350-c10\" class=\"h-x-container style-986 style-local-350-c10 position-relative h-element\">\n                  <!---->\n                  <div class=\"h-x-container-inner style-dynamic-350-c10-group style-986-spacing style-local-350-c10-spacing\"><span class=\"h-link__outer style-987-outer style-local-350-c11-outer d-inline-flex h-element\"><a h-use-smooth-scroll=\"true\" href=\"http:\/\/www.pphu-mgrot.pl\/download\/pdf\/DTR Eap-94.pdf\" target=\"_blank\" data-colibri-id=\"350-c11\" class=\"d-flex w-100 align-items-center h-link style-987 style-local-350-c11 position-relative\" rel=\"noopener\"><!----><span  class=\"h-svg-icon h-link__icon style-987-icon style-local-350-c11-icon\"><!--Icon by Font Awesome (https:\/\/fontawesome.com)--><svg version=\"1.1\" xmlns=\"http:\/\/www.w3.org\/2000\/svg\" xmlns:xlink=\"http:\/\/www.w3.org\/1999\/xlink\" id=\"download\" viewBox=\"0 0 1664 1896.0833\"><path d=\"M1280 1344q0-26-19-45t-45-19-45 19-19 45 19 45 45 19 45-19 19-45zm256 0q0-26-19-45t-45-19-45 19-19 45 19 45 45 19 45-19 19-45zm128-224v320q0 40-28 68t-68 28H96q-40 0-68-28t-28-68v-320q0-40 28-68t68-28h465l135 136q58 56 136 56t136-56l136-136h464q40 0 68 28t28 68zm-325-569q17 41-14 70l-448 448q-18 19-45 19t-45-19L339 621q-31-29-14-70 17-39 59-39h256V64q0-26 19-45t45-19h256q26 0 45 19t19 45v448h256q42 0 59 39z\"><\/path><\/svg><\/span>                    <span>Dokumentacja techniczno-ruchowa Eap-94<\/span><\/a>\n                    <\/span>\n                  <\/div>\n                <\/div>\n                <div data-colibri-id=\"350-c12\" class=\"h-x-container style-988 style-local-350-c12 position-relative h-element\">\n                  <!---->\n                  <div class=\"h-x-container-inner style-dynamic-350-c12-group style-988-spacing style-local-350-c12-spacing\"><span class=\"h-link__outer style-989-outer style-local-350-c13-outer d-inline-flex h-element\"><a h-use-smooth-scroll=\"true\" href=\"http:\/\/www.pphu-mgrot.pl\/download\/pdf\/IO Eap-94.pdf\" target=\"_blank\" data-colibri-id=\"350-c13\" class=\"d-flex w-100 align-items-center h-link style-989 style-local-350-c13 position-relative\" rel=\"noopener\"><!----><span  class=\"h-svg-icon h-link__icon style-989-icon style-local-350-c13-icon\"><!--Icon by Font Awesome (https:\/\/fontawesome.com)--><svg version=\"1.1\" xmlns=\"http:\/\/www.w3.org\/2000\/svg\" xmlns:xlink=\"http:\/\/www.w3.org\/1999\/xlink\" id=\"download\" viewBox=\"0 0 1664 1896.0833\"><path d=\"M1280 1344q0-26-19-45t-45-19-45 19-19 45 19 45 45 19 45-19 19-45zm256 0q0-26-19-45t-45-19-45 19-19 45 19 45 45 19 45-19 19-45zm128-224v320q0 40-28 68t-68 28H96q-40 0-68-28t-28-68v-320q0-40 28-68t68-28h465l135 136q58 56 136 56t136-56l136-136h464q40 0 68 28t28 68zm-325-569q17 41-14 70l-448 448q-18 19-45 19t-45-19L339 621q-31-29-14-70 17-39 59-39h256V64q0-26 19-45t45-19h256q26 0 45 19t19 45v448h256q42 0 59 39z\"><\/path><\/svg><\/span>                    <span>Instrukcja obs\u0142ugi Eap-94<\/span><\/a>\n                    <\/span>\n                  <\/div>\n                <\/div>\n                <div data-colibri-id=\"350-c14\" class=\"h-x-container style-998 style-local-350-c14 position-relative h-element\">\n                  <!---->\n                  <div class=\"h-x-container-inner style-dynamic-350-c14-group style-998-spacing style-local-350-c14-spacing\"><span class=\"h-link__outer style-999-outer style-local-350-c15-outer d-inline-flex h-element\"><a h-use-smooth-scroll=\"true\" href=\"http:\/\/www.pphu-mgrot.pl\/download\/pdf\/sw.dop.eap-94.pdf\" target=\"_blank\" data-colibri-id=\"350-c15\" class=\"d-flex w-100 align-items-center h-link style-999 style-local-350-c15 position-relative\" rel=\"noopener\"><!----><span  class=\"h-svg-icon h-link__icon style-999-icon style-local-350-c15-icon\"><!--Icon by Font Awesome (https:\/\/fontawesome.com)--><svg version=\"1.1\" xmlns=\"http:\/\/www.w3.org\/2000\/svg\" xmlns:xlink=\"http:\/\/www.w3.org\/1999\/xlink\" id=\"download\" viewBox=\"0 0 1664 1896.0833\"><path d=\"M1280 1344q0-26-19-45t-45-19-45 19-19 45 19 45 45 19 45-19 19-45zm256 0q0-26-19-45t-45-19-45 19-19 45 19 45 45 19 45-19 19-45zm128-224v320q0 40-28 68t-68 28H96q-40 0-68-28t-28-68v-320q0-40 28-68t68-28h465l135 136q58 56 136 56t136-56l136-136h464q40 0 68 28t28 68zm-325-569q17 41-14 70l-448 448q-18 19-45 19t-45-19L339 621q-31-29-14-70 17-39 59-39h256V64q0-26 19-45t45-19h256q26 0 45 19t19 45v448h256q42 0 59 39z\"><\/path><\/svg><\/span>                    <span>\u015awiadectwo dopuszczenia Eap-94<\/span><\/a>\n                    <\/span>\n                  <\/div>\n                <\/div>\n                <div data-colibri-id=\"350-c16\" class=\"h-x-container style-996 style-local-350-c16 position-relative h-element\">\n                  <!---->\n                  <div class=\"h-x-container-inner style-dynamic-350-c16-group style-996-spacing style-local-350-c16-spacing\"><span class=\"h-link__outer style-997-outer style-local-350-c17-outer d-inline-flex h-element\"><a h-use-smooth-scroll=\"true\" href=\"http:\/\/www.pphu-mgrot.pl\/download\/pdf\/IO UKP-2.pdf\" target=\"_blank\" data-colibri-id=\"350-c17\" class=\"d-flex w-100 align-items-center h-link style-997 style-local-350-c17 position-relative\" rel=\"noopener\"><!----><span  class=\"h-svg-icon h-link__icon style-997-icon style-local-350-c17-icon\"><!--Icon by Font Awesome (https:\/\/fontawesome.com)--><svg version=\"1.1\" xmlns=\"http:\/\/www.w3.org\/2000\/svg\" xmlns:xlink=\"http:\/\/www.w3.org\/1999\/xlink\" id=\"download\" viewBox=\"0 0 1664 1896.0833\"><path d=\"M1280 1344q0-26-19-45t-45-19-45 19-19 45 19 45 45 19 45-19 19-45zm256 0q0-26-19-45t-45-19-45 19-19 45 19 45 45 19 45-19 19-45zm128-224v320q0 40-28 68t-68 28H96q-40 0-68-28t-28-68v-320q0-40 28-68t68-28h465l135 136q58 56 136 56t136-56l136-136h464q40 0 68 28t28 68zm-325-569q17 41-14 70l-448 448q-18 19-45 19t-45-19L339 621q-31-29-14-70 17-39 59-39h256V64q0-26 19-45t45-19h256q26 0 45 19t19 45v448h256q42 0 59 39z\"><\/path><\/svg><\/span>                    <span>Instrukcja obs\u0142ugi UKP-2<\/span><\/a>\n                    <\/span>\n                  <\/div>\n                <\/div>\n                <div data-colibri-id=\"350-c18\" class=\"h-x-container style-994 style-local-350-c18 position-relative h-element\">\n                  <!---->\n                  <div class=\"h-x-container-inner style-dynamic-350-c18-group style-994-spacing style-local-350-c18-spacing\"><span class=\"h-link__outer style-995-outer style-local-350-c19-outer d-inline-flex h-element\"><a h-use-smooth-scroll=\"true\" href=\"http:\/\/www.pphu-mgrot.pl\/download\/pdf\/IO UKP-2_RS.pdf\" target=\"_blank\" data-colibri-id=\"350-c19\" class=\"d-flex w-100 align-items-center h-link style-995 style-local-350-c19 position-relative\" rel=\"noopener\"><!----><span  class=\"h-svg-icon h-link__icon style-995-icon style-local-350-c19-icon\"><!--Icon by Font Awesome (https:\/\/fontawesome.com)--><svg version=\"1.1\" xmlns=\"http:\/\/www.w3.org\/2000\/svg\" xmlns:xlink=\"http:\/\/www.w3.org\/1999\/xlink\" id=\"download\" viewBox=\"0 0 1664 1896.0833\"><path d=\"M1280 1344q0-26-19-45t-45-19-45 19-19 45 19 45 45 19 45-19 19-45zm256 0q0-26-19-45t-45-19-45 19-19 45 19 45 45 19 45-19 19-45zm128-224v320q0 40-28 68t-68 28H96q-40 0-68-28t-28-68v-320q0-40 28-68t68-28h465l135 136q58 56 136 56t136-56l136-136h464q40 0 68 28t28 68zm-325-569q17 41-14 70l-448 448q-18 19-45 19t-45-19L339 621q-31-29-14-70 17-39 59-39h256V64q0-26 19-45t45-19h256q26 0 45 19t19 45v448h256q42 0 59 39z\"><\/path><\/svg><\/span>                    <span>Instrukcja obs\u0142ugi UKP-2\/RS<\/span><\/a>\n                    <\/span>\n                  <\/div>\n                <\/div>\n                <div data-colibri-id=\"350-c20\" class=\"h-x-container style-990 style-local-350-c20 position-relative h-element\">\n                  <!---->\n                  <div class=\"h-x-container-inner style-dynamic-350-c20-group style-990-spacing style-local-350-c20-spacing\"><span class=\"h-link__outer style-991-outer style-local-350-c21-outer d-inline-flex h-element\"><a h-use-smooth-scroll=\"true\" href=\"http:\/\/www.pphu-mgrot.pl\/download\/pdf\/IO UKP-3.pdf\" target=\"_blank\" data-colibri-id=\"350-c21\" class=\"d-flex w-100 align-items-center h-link style-991 style-local-350-c21 position-relative\" rel=\"noopener\"><!----><span  class=\"h-svg-icon h-link__icon style-991-icon style-local-350-c21-icon\"><!--Icon by Font Awesome (https:\/\/fontawesome.com)--><svg version=\"1.1\" xmlns=\"http:\/\/www.w3.org\/2000\/svg\" xmlns:xlink=\"http:\/\/www.w3.org\/1999\/xlink\" id=\"download\" viewBox=\"0 0 1664 1896.0833\"><path d=\"M1280 1344q0-26-19-45t-45-19-45 19-19 45 19 45 45 19 45-19 19-45zm256 0q0-26-19-45t-45-19-45 19-19 45 19 45 45 19 45-19 19-45zm128-224v320q0 40-28 68t-68 28H96q-40 0-68-28t-28-68v-320q0-40 28-68t68-28h465l135 136q58 56 136 56t136-56l136-136h464q40 0 68 28t28 68zm-325-569q17 41-14 70l-448 448q-18 19-45 19t-45-19L339 621q-31-29-14-70 17-39 59-39h256V64q0-26 19-45t45-19h256q26 0 45 19t19 45v448h256q42 0 59 39z\"><\/path><\/svg><\/span>                    <span>Instrukcja obs\u0142ugi UKP-3<\/span><\/a>\n                    <\/span>\n                  <\/div>\n                <\/div>\n                <div data-colibri-id=\"350-c22\" class=\"h-x-container style-992 style-local-350-c22 position-relative h-element\">\n                  <!---->\n                  <div class=\"h-x-container-inner style-dynamic-350-c22-group style-992-spacing style-local-350-c22-spacing\"><span class=\"h-link__outer style-993-outer style-local-350-c23-outer d-inline-flex h-element\"><a h-use-smooth-scroll=\"true\" href=\"http:\/\/www.pphu-mgrot.pl\/download\/pdf\/IO UKP-3-RS.pdf\" target=\"_blank\" data-colibri-id=\"350-c23\" class=\"d-flex w-100 align-items-center h-link style-993 style-local-350-c23 position-relative\" rel=\"noopener\"><!----><span  class=\"h-svg-icon h-link__icon style-993-icon style-local-350-c23-icon\"><!--Icon by Font Awesome (https:\/\/fontawesome.com)--><svg version=\"1.1\" xmlns=\"http:\/\/www.w3.org\/2000\/svg\" xmlns:xlink=\"http:\/\/www.w3.org\/1999\/xlink\" id=\"download\" viewBox=\"0 0 1664 1896.0833\"><path d=\"M1280 1344q0-26-19-45t-45-19-45 19-19 45 19 45 45 19 45-19 19-45zm256 0q0-26-19-45t-45-19-45 19-19 45 19 45 45 19 45-19 19-45zm128-224v320q0 40-28 68t-68 28H96q-40 0-68-28t-28-68v-320q0-40 28-68t68-28h465l135 136q58 56 136 56t136-56l136-136h464q40 0 68 28t28 68zm-325-569q17 41-14 70l-448 448q-18 19-45 19t-45-19L339 621q-31-29-14-70 17-39 59-39h256V64q0-26 19-45t45-19h256q26 0 45 19t19 45v448h256q42 0 59 39z\"><\/path><\/svg><\/span>                    <span>Instrukcja obs\u0142ugi UKP-3 (&#8222;\/RS&#8221;)<\/span><\/a>\n                    <\/span>\n                  <\/div>\n                <\/div>\n              <\/div>\n            <\/div>\n          <\/div>\n          <div class=\"h-column h-column-container d-flex h-col-lg-auto h-col-md-auto h-col-auto style-706-outer style-local-350-c24-outer\">\n            <div data-colibri-id=\"350-c24\" class=\"d-flex h-flex-basis h-column__inner h-px-lg-2 h-px-md-2 h-px-2 v-inner-lg-2 v-inner-md-2 v-inner-2 style-706 style-local-350-c24 position-relative\">\n              <!---->\n              <!---->\n              <div class=\"w-100 h-y-container h-column__content h-column__v-align flex-basis-100 align-self-lg-center align-self-md-center align-self-center\">\n                <!---->\n                <div data-colibri-id=\"350-c25\" class=\"d-block style-707 style-local-350-c25 position-relative h-element\">\n                  <!---->\n                  <div class=\"h-image__frame-container-outer\">\n                    <div class=\"h-image__frame-container\">\n                      <!---->\n                      <!---->\n                      <img loading=\"lazy\" decoding=\"async\" width=\"2490\" height=\"2479\" src=\"http:\/\/pphu-mgrot.pl\/wp-content\/uploads\/2020\/04\/cropped-cropped-pdf.png\" class=\"wp-image-839 style-707-image style-local-350-c25-image\" alt=\"\" srcset=\"http:\/\/pphu-mgrot.pl\/wp-content\/uploads\/2020\/04\/cropped-cropped-pdf.png 2490w, http:\/\/pphu-mgrot.pl\/wp-content\/uploads\/2020\/04\/cropped-cropped-pdf-300x300.png 300w, http:\/\/pphu-mgrot.pl\/wp-content\/uploads\/2020\/04\/cropped-cropped-pdf-1024x1019.png 1024w, http:\/\/pphu-mgrot.pl\/wp-content\/uploads\/2020\/04\/cropped-cropped-pdf-150x150.png 150w, http:\/\/pphu-mgrot.pl\/wp-content\/uploads\/2020\/04\/cropped-cropped-pdf-768x765.png 768w, http:\/\/pphu-mgrot.pl\/wp-content\/uploads\/2020\/04\/cropped-cropped-pdf-1536x1529.png 1536w, http:\/\/pphu-mgrot.pl\/wp-content\/uploads\/2020\/04\/cropped-cropped-pdf-2048x2039.png 2048w\" sizes=\"auto, (max-width: 2490px) 100vw, 2490px\" \/>\n                      <div class=\"h-image__frame h-hide-sm style-707-frameImage style-local-350-c25-frameImage\"><\/div>\n                    <\/div>\n                  <\/div>\n                <\/div>\n              <\/div>\n            <\/div>\n          <\/div>\n        <\/div>\n      <\/div>\n    <\/div>\n  <\/div>\n<\/div>","protected":false},"excerpt":{"rendered":"<p>PLIKI DO POBRANIA: Oferta PKP Album schem. Eap-94 (pulpit klasyczny) Dokumentacja techniczno-ruchowa Eap-94 Instrukcja obs\u0142ugi Eap-94 \u015awiadectwo dopuszczenia Eap-94 Instrukcja obs\u0142ugi UKP-2 Instrukcja obs\u0142ugi UKP-2\/RS Instrukcja obs\u0142ugi UKP-3 Instrukcja obs\u0142ugi UKP-3 (&#8222;\/RS&#8221;)<\/p>\n","protected":false},"author":1,"featured_media":0,"parent":0,"menu_order":0,"comment_status":"closed","ping_status":"closed","template":"page-templates\/full-width-page.php","meta":{"footnotes":""},"class_list":["post-350","page","type-page","status-publish","hentry"],"_links":{"self":[{"href":"http:\/\/pphu-mgrot.pl\/index.php\/wp-json\/wp\/v2\/pages\/350","targetHints":{"allow":["GET"]}}],"collection":[{"href":"http:\/\/pphu-mgrot.pl\/index.php\/wp-json\/wp\/v2\/pages"}],"about":[{"href":"http:\/\/pphu-mgrot.pl\/index.php\/wp-json\/wp\/v2\/types\/page"}],"author":[{"embeddable":true,"href":"http:\/\/pphu-mgrot.pl\/index.php\/wp-json\/wp\/v2\/users\/1"}],"replies":[{"embeddable":true,"href":"http:\/\/pphu-mgrot.pl\/index.php\/wp-json\/wp\/v2\/comments?post=350"}],"version-history":[{"count":20,"href":"http:\/\/pphu-mgrot.pl\/index.php\/wp-json\/wp\/v2\/pages\/350\/revisions"}],"predecessor-version":[{"id":2082,"href":"http:\/\/pphu-mgrot.pl\/index.php\/wp-json\/wp\/v2\/pages\/350\/revisions\/2082"}],"wp:attachment":[{"href":"http:\/\/pphu-mgrot.pl\/index.php\/wp-json\/wp\/v2\/media?parent=350"}],"curies":[{"name":"wp","href":"https:\/\/api.w.org\/{rel}","templated":true}]}}