{"id":364,"date":"2020-04-24T11:36:11","date_gmt":"2020-04-24T09:36:11","guid":{"rendered":"http:\/\/pphu-mgrot.pl\/?page_id=364"},"modified":"2020-04-30T09:38:58","modified_gmt":"2020-04-30T07:38:58","slug":"urzadzenia-kontrolno-pomiarowe","status":"publish","type":"page","link":"http:\/\/pphu-mgrot.pl\/index.php\/urzadzenia-kontrolno-pomiarowe\/","title":{"rendered":"Urz\u0105dzenia kontrolno &#8211; pomiarowe"},"content":{"rendered":"<div data-colibri-id=\"364-c1\" class=\"style-1014 style-local-364-c1 position-relative\">\n  <!---->\n  <div data-colibri-component=\"section\" data-colibri-id=\"364-c30\" id=\"portfolio-2\" class=\"h-section h-section-global-spacing d-flex align-items-lg-center align-items-md-center align-items-center style-1428 style-local-364-c30 position-relative\">\n    <!---->\n    <!---->\n    <div class=\"h-section-grid-container h-section-boxed-container\">\n      <div data-colibri-id=\"364-c56\" class=\"h-row-container gutters-row-lg-2 gutters-row-md-2 gutters-row-0 gutters-row-v-lg-2 gutters-row-v-md-2 gutters-row-v-2 style-1439 style-local-364-c56 position-relative\">\n        <!---->\n        <div class=\"h-row justify-content-lg-center justify-content-md-center justify-content-center align-items-lg-stretch align-items-md-stretch align-items-stretch gutters-col-lg-2 gutters-col-md-2 gutters-col-0 gutters-col-v-lg-2 gutters-col-v-md-2 gutters-col-v-2\">\n          <!---->\n          <div class=\"h-column h-column-container d-flex h-col-lg-auto h-col-md-auto h-col-auto style-1440-outer style-local-364-c57-outer\">\n            <div data-colibri-id=\"364-c57\" class=\"d-flex h-flex-basis h-column__inner h-px-lg-2 h-px-md-2 h-px-2 v-inner-lg-2 v-inner-md-2 v-inner-2 style-1440 style-local-364-c57 position-relative\">\n              <!---->\n              <!---->\n              <div class=\"w-100 h-y-container h-column__content h-column__v-align flex-basis-100 align-self-lg-start align-self-md-start align-self-start\">\n                <!---->\n                <div data-colibri-id=\"364-c58\" class=\"h-global-transition-all h-heading style-1441 style-local-364-c58 position-relative h-element\">\n                  <!---->\n                  <!---->\n                  <h2 class=\"\"><span style=\"color: rgb(70, 112, 127);\">Urz\u0105dzenia typu UKP<\/span><\/h2>\n                <\/div>\n                <div data-colibri-id=\"364-c59\" class=\"h-lead h-text h-text-component style-1442 style-local-364-c59 position-relative h-element\">\n                  <!---->\n                  <!---->\n                  <div class=\"\">\n                    <p><span style=\"color: rgb(70, 112, 127);\">s\u0142u\u017c\u0105ce do badania parametr\u00f3w bezpiecze\u0144stwa elektrycznego urz\u0105dze\u0144, maszyn i r\u00f3\u017cnego rodzaju produkt\u00f3w na zgodno\u015b\u0107 z normami europejskimi, przyczyniaj\u0105c si\u0119 do usprawnienia procesu kontroli produkcji.<\/span><\/p>\n                  <\/div>\n                <\/div>\n              <\/div>\n            <\/div>\n          <\/div>\n        <\/div>\n      <\/div>\n      <div data-colibri-id=\"364-c174\" class=\"h-row-container gutters-row-lg-2 gutters-row-md-2 gutters-row-0 gutters-row-v-lg-2 gutters-row-v-md-2 gutters-row-v-2 style-1510 style-local-364-c174 position-relative\">\n        <!---->\n        <div class=\"h-row justify-content-lg-center justify-content-md-center justify-content-center align-items-lg-stretch align-items-md-stretch align-items-stretch gutters-col-lg-2 gutters-col-md-2 gutters-col-0 gutters-col-v-lg-2 gutters-col-v-md-2 gutters-col-v-2\">\n          <!---->\n          <div class=\"h-column h-column-container d-flex h-col-lg-auto h-col-md-auto h-col-auto style-1511-outer style-local-364-c175-outer\">\n            <div data-colibri-id=\"364-c175\" class=\"d-flex h-flex-basis h-column__inner h-px-lg-2 h-px-md-2 h-px-2 v-inner-lg-2 v-inner-md-2 v-inner-2 style-1511 style-local-364-c175 position-relative\">\n              <!---->\n              <!---->\n              <div class=\"w-100 h-y-container h-column__content h-column__v-align flex-basis-100 align-self-lg-start align-self-md-start align-self-start\">\n                <!---->\n                <div data-colibri-id=\"364-c6\" class=\"h-text h-text-component style-1021 style-local-364-c6 position-relative h-element\">\n                  <!---->\n                  <!---->\n                  <div class=\"\">\n                    <p>Obecnie w ofercie posiadamy dwa typy tych urz\u0105dze\u0144:<\/p>\n                  <\/div>\n                <\/div>\n              <\/div>\n            <\/div>\n          <\/div>\n        <\/div>\n      <\/div>\n      <div data-colibri-id=\"364-c31\" class=\"h-row-container gutters-row-lg-2 gutters-row-md-2 gutters-row-2 gutters-row-v-lg-2 gutters-row-v-md-2 gutters-row-v-2 style-1429 style-local-364-c31 position-relative\">\n        <!---->\n        <div class=\"h-row justify-content-lg-center justify-content-md-center justify-content-center align-items-lg-stretch align-items-md-stretch align-items-stretch gutters-col-lg-2 gutters-col-md-2 gutters-col-2 gutters-col-v-lg-2 gutters-col-v-md-2 gutters-col-v-2\">\n          <!---->\n          <div class=\"h-column h-column-container d-flex h-col-lg-4 h-col-md-6 h-col-12 style-1430-outer style-local-364-c32-outer\">\n            <div data-colibri-id=\"364-c32\" class=\"d-flex h-flex-basis h-column__inner h-px-lg-2 h-px-md-2 h-px-2 v-inner-lg-3 v-inner-md-3 v-inner-3 style-1430 style-local-364-c32 position-relative\">\n              <div class=\"background-wrapper\">\n                <div class=\"background-layer background-layer-media-container-lg\">\n                  <!---->\n                  <div class=\"overlay-layer\">\n                    <div class=\"overlay-image-layer\" style=\"background-image: linear-gradient(0deg, rgba(0, 0, 0, 0.7) 0%, rgba(69, 58, 148, 0) 50%);\"><\/div>\n                  <\/div>\n                <\/div>\n                <div class=\"background-layer background-layer-media-container-md\">\n                  <!---->\n                  <div class=\"overlay-layer\">\n                    <div class=\"overlay-image-layer\" style=\"background-image: linear-gradient(0deg, rgba(0, 0, 0, 0.7) 0%, rgba(69, 58, 148, 0) 50%);\"><\/div>\n                  <\/div>\n                <\/div>\n                <div class=\"background-layer background-layer-media-container\">\n                  <!---->\n                  <div class=\"overlay-layer\">\n                    <div class=\"overlay-image-layer\" style=\"background-image: linear-gradient(0deg, rgba(0, 0, 0, 0.7) 0%, rgba(69, 58, 148, 0) 50%);\"><\/div>\n                  <\/div>\n                <\/div>\n              <\/div>\n              <!---->\n              <div class=\"w-100 h-y-container h-column__content h-column__v-align flex-basis-100 align-self-lg-end align-self-md-end align-self-end\">\n                <!---->\n                <div data-colibri-id=\"364-c33\" class=\"h-global-transition-all h-heading style-1431 style-local-364-c33 position-relative h-element\">\n                  <!---->\n                  <!---->\n                  <h4 class=\"\">UKP-2<\/h4>\n                <\/div>\n                <div data-colibri-id=\"364-c34\" class=\"h-x-container style-1432 style-local-364-c34 position-relative h-element\">\n                  <!---->\n                  <div class=\"h-x-container-inner style-dynamic-364-c34-group style-1432-spacing style-local-364-c34-spacing\"><span class=\"h-link__outer style-1433-outer style-local-364-c35-outer d-inline-flex h-element\"><a h-use-smooth-scroll=\"true\" href=\"http:\/\/pphu-mgrot.pl\/index.php\/typ-ukp-2\/\"  data-colibri-id=\"364-c35\" class=\"d-flex w-100 align-items-center h-link style-1433 style-local-364-c35 position-relative\"><!----><!----> <span>zobacz<\/span>                    <span class=\"h-svg-icon h-link__icon style-1433-icon style-local-364-c35-icon\"><!--Icon by Icons8 Line Awesome (https:\/\/icons8.com\/line-awesome)--><svg version=\"1.1\" xmlns=\"http:\/\/www.w3.org\/2000\/svg\" xmlns:xlink=\"http:\/\/www.w3.org\/1999\/xlink\" id=\"angle-double-right\" viewBox=\"0 0 512 545.5\"><path d=\"M145.5 108.5l168 168L325 288l-11.5 11.5-168 168-22.5-23L279.5 288 123 131.5zm112 0l168 168L437 288l-11.5 11.5-168 168-22.5-23L391.5 288 235 131.5z\"><\/path><\/svg><\/span><\/a>\n                    <\/span>\n                  <\/div>\n                <\/div>\n              <\/div>\n            <\/div>\n          <\/div>\n          <div class=\"h-column h-column-container d-flex h-col-lg-4 h-col-md-6 h-col-12 style-1434-outer style-local-364-c36-outer\">\n            <div data-colibri-id=\"364-c36\" class=\"d-flex h-flex-basis h-column__inner h-px-lg-2 h-px-md-2 h-px-2 v-inner-lg-3 v-inner-md-3 v-inner-3 style-1434 style-local-364-c36 position-relative\">\n              <div class=\"background-wrapper\">\n                <div class=\"background-layer background-layer-media-container-lg\">\n                  <!---->\n                  <div class=\"overlay-layer\">\n                    <div class=\"overlay-image-layer\" style=\"background-image: linear-gradient(0deg, rgba(0, 0, 0, 0.7) 0%, rgba(69, 58, 148, 0) 50%);\"><\/div>\n                  <\/div>\n                <\/div>\n                <div class=\"background-layer background-layer-media-container-md\">\n                  <!---->\n                  <div class=\"overlay-layer\">\n                    <div class=\"overlay-image-layer\" style=\"background-image: linear-gradient(0deg, rgba(0, 0, 0, 0.7) 0%, rgba(69, 58, 148, 0) 50%);\"><\/div>\n                  <\/div>\n                <\/div>\n                <div class=\"background-layer background-layer-media-container\">\n                  <!---->\n                  <div class=\"overlay-layer\">\n                    <div class=\"overlay-image-layer\" style=\"background-image: linear-gradient(0deg, rgba(0, 0, 0, 0.7) 0%, rgba(69, 58, 148, 0) 50%);\"><\/div>\n                  <\/div>\n                <\/div>\n              <\/div>\n              <!---->\n              <div class=\"w-100 h-y-container h-column__content h-column__v-align flex-basis-100 align-self-lg-end align-self-md-end align-self-end\">\n                <!---->\n                <div data-colibri-id=\"364-c37\" class=\"h-global-transition-all h-heading style-1431 style-local-364-c37 position-relative h-element\">\n                  <!---->\n                  <!---->\n                  <h4 class=\"\">UKP-3<\/h4>\n                <\/div>\n                <div data-colibri-id=\"364-c38\" class=\"h-x-container style-1432 style-local-364-c38 position-relative h-element\">\n                  <!---->\n                  <div class=\"h-x-container-inner style-dynamic-364-c38-group style-1432-spacing style-local-364-c38-spacing\"><span class=\"h-link__outer style-1433-outer style-local-364-c39-outer d-inline-flex h-element\"><a h-use-smooth-scroll=\"true\" href=\"http:\/\/pphu-mgrot.pl\/index.php\/typ-ukp-3\/\"  data-colibri-id=\"364-c39\" class=\"d-flex w-100 align-items-center h-link style-1433 style-local-364-c39 position-relative\"><!----><!----> <span>zobacz<\/span>                    <span class=\"h-svg-icon h-link__icon style-1433-icon style-local-364-c39-icon\"><!--Icon by Icons8 Line Awesome (https:\/\/icons8.com\/line-awesome)--><svg version=\"1.1\" xmlns=\"http:\/\/www.w3.org\/2000\/svg\" xmlns:xlink=\"http:\/\/www.w3.org\/1999\/xlink\" id=\"angle-double-right\" viewBox=\"0 0 512 545.5\"><path d=\"M145.5 108.5l168 168L325 288l-11.5 11.5-168 168-22.5-23L279.5 288 123 131.5zm112 0l168 168L437 288l-11.5 11.5-168 168-22.5-23L391.5 288 235 131.5z\"><\/path><\/svg><\/span><\/a>\n                    <\/span>\n                  <\/div>\n                <\/div>\n              <\/div>\n            <\/div>\n          <\/div>\n        <\/div>\n      <\/div>\n      <div data-colibri-id=\"364-c167\" class=\"h-row-container gutters-row-lg-2 gutters-row-md-2 gutters-row-0 gutters-row-v-lg-2 gutters-row-v-md-2 gutters-row-v-2 style-1503 style-local-364-c167 position-relative\">\n        <!---->\n        <div class=\"h-row justify-content-lg-center justify-content-md-center justify-content-center align-items-lg-stretch align-items-md-stretch align-items-stretch gutters-col-lg-2 gutters-col-md-2 gutters-col-0 gutters-col-v-lg-2 gutters-col-v-md-2 gutters-col-v-2\">\n          <!---->\n          <div class=\"h-column h-column-container d-flex h-col-lg-auto h-col-md-auto h-col-auto style-1504-outer style-local-364-c168-outer\">\n            <div data-colibri-id=\"364-c168\" class=\"d-flex h-flex-basis h-column__inner h-ui-empty-state-container h-px-lg-2 h-px-md-2 h-px-2 v-inner-lg-2 v-inner-md-2 v-inner-2 style-1504 style-local-364-c168 position-relative\">\n              <!---->\n              <!---->\n              <div class=\"w-100 h-y-container h-column__content h-column__v-align flex-basis-100\">\n                <!---->\n              <\/div>\n            <\/div>\n          <\/div>\n          <div class=\"h-column h-column-container d-flex h-col-lg-auto h-col-md-auto h-col-auto style-1505-outer style-local-364-c169-outer\">\n            <div data-colibri-id=\"364-c169\" class=\"d-flex h-flex-basis h-column__inner h-px-lg-2 h-px-md-2 h-px-2 v-inner-lg-2 v-inner-md-2 v-inner-2 style-1505 style-local-364-c169 position-relative\">\n              <!---->\n              <!---->\n              <div class=\"w-100 h-y-container h-column__content h-column__v-align flex-basis-100 align-self-lg-start align-self-md-start align-self-start\">\n                <!---->\n                <div data-colibri-id=\"364-c172\" class=\"h-text h-text-component style-1508 style-local-364-c172 position-relative h-element\">\n                  <!---->\n                  <!---->\n                  <div class=\"\">\n                    <p>kontrola opraw o\u015bwietleniowych w\/g normy <strong style=\"color: rgb(70, 112, 127);\">PN-EN 60598-1<\/strong><\/p>\n                  <\/div>\n                <\/div>\n              <\/div>\n            <\/div>\n          <\/div>\n          <div class=\"h-column h-column-container d-flex h-col-lg-auto h-col-md-auto h-col-auto style-1506-outer style-local-364-c170-outer\">\n            <div data-colibri-id=\"364-c170\" class=\"d-flex h-flex-basis h-column__inner h-px-lg-2 h-px-md-2 h-px-2 v-inner-lg-2 v-inner-md-2 v-inner-2 style-1506 style-local-364-c170 position-relative\">\n              <!---->\n              <!---->\n              <div class=\"w-100 h-y-container h-column__content h-column__v-align flex-basis-100 align-self-lg-start align-self-md-start align-self-start\">\n                <!---->\n                <div data-colibri-id=\"364-c173\" class=\"h-text h-text-component style-1509 style-local-364-c173 position-relative h-element\">\n                  <!---->\n                  <!---->\n                  <div class=\"\">\n                    <p>kontrola urz\u0105dze\u0144 gospodarstwa domowego w\/g <strong>PN-EN 50106<\/strong>, informatycznych w\/g <strong>PN-EN 50116<\/strong> i innych<\/p>\n                  <\/div>\n                <\/div>\n              <\/div>\n            <\/div>\n          <\/div>\n          <div class=\"h-column h-column-container d-flex h-col-lg-auto h-col-md-auto h-col-auto style-1507-outer style-local-364-c171-outer\">\n            <div data-colibri-id=\"364-c171\" class=\"d-flex h-flex-basis h-column__inner h-ui-empty-state-container h-px-lg-2 h-px-md-2 h-px-2 v-inner-lg-2 v-inner-md-2 v-inner-2 style-1507 style-local-364-c171 position-relative\">\n              <!---->\n              <!---->\n              <div class=\"w-100 h-y-container h-column__content h-column__v-align flex-basis-100\">\n                <!---->\n              <\/div>\n            <\/div>\n          <\/div>\n        <\/div>\n      <\/div>\n    <\/div>\n  <\/div>\n<\/div>","protected":false},"excerpt":{"rendered":"<p>Urz\u0105dzenia typu UKP s\u0142u\u017c\u0105ce do badania parametr\u00f3w bezpiecze\u0144stwa elektrycznego urz\u0105dze\u0144, maszyn i r\u00f3\u017cnego rodzaju produkt\u00f3w na zgodno\u015b\u0107 z normami europejskimi, przyczyniaj\u0105c si\u0119 do usprawnienia procesu kontroli produkcji. Obecnie w ofercie posiadamy dwa typy tych urz\u0105dze\u0144: UKP-2 zobacz UKP-3 zobacz kontrola opraw o\u015bwietleniowych w\/g normy PN-EN 60598-1 kontrola urz\u0105dze\u0144 gospodarstwa domowego w\/g PN-EN 50106, informatycznych w\/g [&hellip;]<\/p>\n","protected":false},"author":1,"featured_media":0,"parent":0,"menu_order":0,"comment_status":"closed","ping_status":"closed","template":"page-templates\/full-width-page.php","meta":{"footnotes":""},"class_list":["post-364","page","type-page","status-publish","hentry"],"_links":{"self":[{"href":"http:\/\/pphu-mgrot.pl\/index.php\/wp-json\/wp\/v2\/pages\/364","targetHints":{"allow":["GET"]}}],"collection":[{"href":"http:\/\/pphu-mgrot.pl\/index.php\/wp-json\/wp\/v2\/pages"}],"about":[{"href":"http:\/\/pphu-mgrot.pl\/index.php\/wp-json\/wp\/v2\/types\/page"}],"author":[{"embeddable":true,"href":"http:\/\/pphu-mgrot.pl\/index.php\/wp-json\/wp\/v2\/users\/1"}],"replies":[{"embeddable":true,"href":"http:\/\/pphu-mgrot.pl\/index.php\/wp-json\/wp\/v2\/comments?post=364"}],"version-history":[{"count":10,"href":"http:\/\/pphu-mgrot.pl\/index.php\/wp-json\/wp\/v2\/pages\/364\/revisions"}],"predecessor-version":[{"id":1631,"href":"http:\/\/pphu-mgrot.pl\/index.php\/wp-json\/wp\/v2\/pages\/364\/revisions\/1631"}],"wp:attachment":[{"href":"http:\/\/pphu-mgrot.pl\/index.php\/wp-json\/wp\/v2\/media?parent=364"}],"curies":[{"name":"wp","href":"https:\/\/api.w.org\/{rel}","templated":true}]}}