{"id":384,"date":"2020-04-24T11:58:24","date_gmt":"2020-04-24T09:58:24","guid":{"rendered":"http:\/\/pphu-mgrot.pl\/?page_id=384"},"modified":"2020-05-01T21:06:43","modified_gmt":"2020-05-01T19:06:43","slug":"zestaw-wtykowy-erk-4002","status":"publish","type":"page","link":"http:\/\/pphu-mgrot.pl\/index.php\/zestaw-wtykowy-erk-4002\/","title":{"rendered":"Zestaw wtykowy ERK-4002"},"content":{"rendered":"<div data-colibri-id=\"384-c1\" class=\"style-1105 style-local-384-c1 position-relative\">\n  <!---->\n  <div data-colibri-component=\"section\" data-colibri-id=\"384-c2\" id=\"initial-content\" class=\"h-section h-section-global-spacing d-flex align-items-lg-center align-items-md-center align-items-center style-1106 style-local-384-c2 position-relative\">\n    <!---->\n    <!---->\n    <div class=\"h-section-grid-container h-section-boxed-container\">\n      <!---->\n      <div data-colibri-id=\"384-c3\" class=\"h-row-container gutters-row-lg-2 gutters-row-md-2 gutters-row-0 gutters-row-v-lg-2 gutters-row-v-md-2 gutters-row-v-2 style-1110 style-local-384-c3 position-relative\">\n        <!---->\n        <div class=\"h-row justify-content-lg-center justify-content-md-center justify-content-center align-items-lg-stretch align-items-md-stretch align-items-stretch gutters-col-lg-2 gutters-col-md-2 gutters-col-0 gutters-col-v-lg-2 gutters-col-v-md-2 gutters-col-v-2\">\n          <!---->\n          <div class=\"h-column h-column-container d-flex h-col-lg-auto h-col-md-auto h-col-auto style-1111-outer style-local-384-c4-outer\">\n            <div data-colibri-id=\"384-c4\" class=\"d-flex h-flex-basis h-column__inner h-px-lg-2 h-px-md-2 h-px-2 v-inner-lg-2 v-inner-md-2 v-inner-2 style-1111 style-local-384-c4 position-relative\">\n              <!---->\n              <!---->\n              <div class=\"w-100 h-y-container h-column__content h-column__v-align flex-basis-100 align-self-lg-start align-self-md-start align-self-start\">\n                <!---->\n                <div data-colibri-id=\"384-c5\" class=\"h-text h-text-component style-1112 style-local-384-c5 position-relative h-element\">\n                  <!---->\n                  <!---->\n                  <div class=\"\">\n                    <p><span style=\"color: rgb(70, 112, 127);\">Zestaw wtykowy<\/span><strong style=\"color: rgb(70, 112, 127);\"> ERK-4002<\/strong><span style=\"color: rgb(70, 112, 127);\"> wchodzi w sk\u0142ad wyposa\u017cenia p\u00f3\u0142samoczynnej blokady liniowej typu <\/span>\n                      <strong\n                        style=\"color: rgb(70, 112, 127);\">Eap-94<\/strong><span style=\"color: rgb(70, 112, 127);\"> \u2013 realizuje on funkcj\u0119 kontroli wjazdu poci\u0105gu przy wsp\u00f3\u0142pracy z urz\u0105dzeniami typu <\/span><strong style=\"color: rgb(70, 112, 127);\">EON<\/strong><span style=\"color: rgb(70, 112, 127);\">.<\/span><\/p>\n                    <p><span style=\"color: rgb(70, 112, 127);\">Zestaw sk\u0142ada si\u0119 z dw\u00f3ch <\/span><strong style=\"color: rgb(70, 112, 127);\">przeka\u017anik\u00f3w kontaktronowych<\/strong><span style=\"color: rgb(70, 112, 127);\"> zamontowanych na jednej p\u0142ytce drukowanej. Dzia\u0142anie ERK-4002 polega na tym, \u017ce przeka\u017aniki te powinny <\/span>\n                      <strong\n                        style=\"color: rgb(70, 112, 127);\">wzbudzi\u0107 si\u0119<\/strong><span style=\"color: rgb(70, 112, 127);\"> przy zasilaniu pr\u0105dem sta\u0142ym o napi\u0119ciu mniejszym lub r\u00f3wnym <\/span><strong style=\"color: rgb(70, 112, 127);\">4,3V (max)<\/strong><span style=\"color: rgb(70, 112, 127);\">; natomiast <\/span>\n                        <strong\n                          style=\"color: rgb(70, 112, 127);\">odwzbudzenie<\/strong><span style=\"color: rgb(70, 112, 127);\"> powinno nast\u0105pi\u0107 przy napi\u0119ciu wi\u0119kszym lub r\u00f3wnym <\/span><strong style=\"color: rgb(70, 112, 127);\">1,6V (min)<\/strong><span style=\"color: rgb(70, 112, 127);\">.<\/span><\/p>\n                  <\/div>\n                <\/div>\n              <\/div>\n            <\/div>\n          <\/div>\n        <\/div>\n      <\/div>\n      <div data-colibri-id=\"384-c6\" class=\"h-row-container gutters-row-lg-2 gutters-row-md-2 gutters-row-0 gutters-row-v-lg-2 gutters-row-v-md-2 gutters-row-v-2 style-1113 style-local-384-c6 position-relative\">\n        <!---->\n        <div class=\"h-row justify-content-lg-center justify-content-md-center justify-content-center align-items-lg-stretch align-items-md-stretch align-items-stretch gutters-col-lg-2 gutters-col-md-2 gutters-col-0 gutters-col-v-lg-2 gutters-col-v-md-2 gutters-col-v-2\">\n          <!---->\n          <div class=\"h-column h-column-container d-flex h-col-lg-auto h-col-md-auto h-col-auto style-1114-outer style-local-384-c7-outer\">\n            <div data-colibri-id=\"384-c7\" class=\"d-flex h-flex-basis h-column__inner h-px-lg-2 h-px-md-2 h-px-2 v-inner-lg-2 v-inner-md-2 v-inner-2 style-1114 style-local-384-c7 position-relative\">\n              <!---->\n              <!---->\n              <div class=\"w-100 h-y-container h-column__content h-column__v-align flex-basis-100 align-self-lg-start align-self-md-start align-self-start\">\n                <!---->\n                <div data-colibri-id=\"384-c8\" class=\"d-block style-1115 style-local-384-c8 position-relative h-element\">\n                  <!---->\n                  <div class=\"h-image__frame-container-outer\">\n                    <a href=\"http:\/\/pphu-mgrot.pl\/wp-content\/uploads\/2020\/04\/cropped-4002.jpg\" target=\"_blank\" h-use-smooth-scroll=\"true\" class=\"image-link\" rel=\"noopener noreferrer\">\n                      <div class=\"h-image__frame-container\">\n                        <!---->\n                        <!---->\n                        <img loading=\"lazy\" decoding=\"async\" width=\"439\" height=\"310\" src=\"http:\/\/pphu-mgrot.pl\/wp-content\/uploads\/2020\/04\/cropped-4002.jpg\" class=\"wp-image-1184 style-1115-image style-local-384-c8-image\" alt=\"\" srcset=\"http:\/\/pphu-mgrot.pl\/wp-content\/uploads\/2020\/04\/cropped-4002.jpg 439w, http:\/\/pphu-mgrot.pl\/wp-content\/uploads\/2020\/04\/cropped-4002-300x212.jpg 300w\" sizes=\"auto, (max-width: 439px) 100vw, 439px\" \/>\n                        <div class=\"h-image__frame h-hide-lg h-hide-md h-hide-sm style-1115-frameImage style-local-384-c8-frameImage\"><\/div>\n                      <\/div>\n                    <\/a>\n                  <\/div>\n                <\/div>\n              <\/div>\n            <\/div>\n          <\/div>\n          <div class=\"h-column h-column-container d-flex h-col-lg-auto h-col-md-auto h-col-auto style-1381-outer style-local-384-c9-outer\">\n            <div data-colibri-id=\"384-c9\" class=\"d-flex h-flex-basis h-column__inner h-px-lg-2 h-px-md-2 h-px-2 v-inner-lg-2 v-inner-md-2 v-inner-2 style-1381 style-local-384-c9 position-relative\">\n              <!---->\n              <!---->\n              <div class=\"w-100 h-y-container h-column__content h-column__v-align flex-basis-100 align-self-lg-start align-self-md-start align-self-start\">\n                <!---->\n                <div data-colibri-id=\"384-c10\" class=\"h-text h-text-component style-1382 style-local-384-c10 position-relative h-element\">\n                  <!---->\n                  <!---->\n                  <div class=\"\">\n                    <p><strong style=\"color: rgb(70, 112, 127);\">DANE TECHNICZNE:<\/strong><\/p>\n                  <\/div>\n                <\/div>\n                <div data-colibri-id=\"384-c11\" class=\"icon-list d-flex justify-content-lg-start justify-content-md-start justify-content-start style-1119 style-local-384-c11 position-relative h-element\">\n                  <!---->\n                  <ul class=\"ul-list-icon vertical-on-desktop vertical-on-tablet vertical-on-mobile justify-content-lg-start justify-content-md-start justify-content-start\">\n                    <!---->\n                    <li class=\"list-item no-gutters\">\n                      <!---->\n                      <div class=\"list-container-divider d-flex justify-content-lg-start justify-content-md-start justify-content-start first-el-spacer\"><\/div> <span class=\"item-link no-gutters\"><div class=\"d-flex h-col no-gutters align-items-lg-center align-items-md-center align-items-center list-item-text-wrapper\"><div class=\"d-flex\"><span  class=\"h-svg-icon style-1119-icon style-local-384-c11-icon\"><!--Icon by Font Awesome (https:\/\/fontawesome.com)--><svg version=\"1.1\" xmlns=\"http:\/\/www.w3.org\/2000\/svg\" xmlns:xlink=\"http:\/\/www.w3.org\/1999\/xlink\" id=\"check\" viewBox=\"0 0 1792 1896.0833\"><path d=\"M1671 566q0 40-28 68l-724 724-136 136q-28 28-68 28t-68-28l-136-136-362-362q-28-28-28-68t28-68l136-136q28-28 68-28t68 28l294 295 656-657q28-28 68-28t68 28l136 136q28 28 28 68z\"><\/path><\/svg><\/span><\/div>\n                <span class=\"list-text d-block\"><span>wymiary \u2013 80 x 40 x 108mm,<\/span><\/span>\n              <\/div>\n              <\/span>\n              <div class=\"list-container-divider d-flex justify-content-lg-start justify-content-md-start justify-content-start\">\n                <!---->\n              <\/div>\n              <\/li>\n              <li class=\"list-item no-gutters\">\n                <!---->\n                <!----><span class=\"item-link no-gutters\"><div class=\"d-flex h-col no-gutters align-items-lg-center align-items-md-center align-items-center list-item-text-wrapper\"><div class=\"d-flex\"><span  class=\"h-svg-icon style-1119-icon style-local-384-c11-icon\"><!--Icon by Font Awesome (https:\/\/fontawesome.com)--><svg version=\"1.1\" xmlns=\"http:\/\/www.w3.org\/2000\/svg\" xmlns:xlink=\"http:\/\/www.w3.org\/1999\/xlink\" id=\"check\" viewBox=\"0 0 1792 1896.0833\"><path d=\"M1671 566q0 40-28 68l-724 724-136 136q-28 28-68 28t-68-28l-136-136-362-362q-28-28-28-68t28-68l136-136q28-28 68-28t68 28l294 295 656-657q28-28 68-28t68 28l136 136q28 28 28 68z\"><\/path><\/svg><\/span><\/div>\n            <span class=\"list-text d-block\"><span>masa \u2013 0,17kg,<\/span><\/span>\n          <\/div>\n          <\/span>\n          <div class=\"list-container-divider d-flex justify-content-lg-start justify-content-md-start justify-content-start\">\n            <!---->\n          <\/div>\n          <\/li>\n          <li class=\"list-item no-gutters\">\n            <!---->\n            <!----><span class=\"item-link no-gutters\"><div class=\"d-flex h-col no-gutters align-items-lg-center align-items-md-center align-items-center list-item-text-wrapper\"><div class=\"d-flex\"><span  class=\"h-svg-icon style-1119-icon style-local-384-c11-icon\"><!--Icon by Font Awesome (https:\/\/fontawesome.com)--><svg version=\"1.1\" xmlns=\"http:\/\/www.w3.org\/2000\/svg\" xmlns:xlink=\"http:\/\/www.w3.org\/1999\/xlink\" id=\"check\" viewBox=\"0 0 1792 1896.0833\"><path d=\"M1671 566q0 40-28 68l-724 724-136 136q-28 28-68 28t-68-28l-136-136-362-362q-28-28-28-68t28-68l136-136q28-28 68-28t68 28l294 295 656-657q28-28 68-28t68 28l136 136q28 28 28 68z\"><\/path><\/svg><\/span><\/div>\n        <span class=\"list-text d-block\"><span>zakres temp. otoczenia \u2013 -10\u00baC-+50\u00baC,<\/span><\/span>\n      <\/div>\n      <\/span>\n      <div class=\"list-container-divider d-flex justify-content-lg-start justify-content-md-start justify-content-start\">\n        <!---->\n      <\/div>\n      <\/li>\n      <li class=\"list-item no-gutters\">\n        <!---->\n        <!----><span class=\"item-link no-gutters\"><div class=\"d-flex h-col no-gutters align-items-lg-center align-items-md-center align-items-center list-item-text-wrapper\"><div class=\"d-flex\"><span  class=\"h-svg-icon style-1119-icon style-local-384-c11-icon\"><!--Icon by Font Awesome (https:\/\/fontawesome.com)--><svg version=\"1.1\" xmlns=\"http:\/\/www.w3.org\/2000\/svg\" xmlns:xlink=\"http:\/\/www.w3.org\/1999\/xlink\" id=\"check\" viewBox=\"0 0 1792 1896.0833\"><path d=\"M1671 566q0 40-28 68l-724 724-136 136q-28 28-68 28t-68-28l-136-136-362-362q-28-28-28-68t28-68l136-136q28-28 68-28t68 28l294 295 656-657q28-28 68-28t68 28l136 136q28 28 28 68z\"><\/path><\/svg><\/span><\/div>\n    <span class=\"list-text d-block\"><span>rodzaj obudowy \u2013 typowa obudowa przeka\u017anika JRF,<\/span><\/span>\n  <\/div>\n  <\/span>\n  <div class=\"list-container-divider d-flex justify-content-lg-start justify-content-md-start justify-content-start\">\n    <!---->\n  <\/div>\n  <\/li>\n  <li class=\"list-item no-gutters\">\n    <!---->\n    <!----><span class=\"item-link no-gutters\"><div class=\"d-flex h-col no-gutters align-items-lg-center align-items-md-center align-items-center list-item-text-wrapper\"><div class=\"d-flex\"><span  class=\"h-svg-icon style-1119-icon style-local-384-c11-icon\"><!--Icon by Font Awesome (https:\/\/fontawesome.com)--><svg version=\"1.1\" xmlns=\"http:\/\/www.w3.org\/2000\/svg\" xmlns:xlink=\"http:\/\/www.w3.org\/1999\/xlink\" id=\"check\" viewBox=\"0 0 1792 1896.0833\"><path d=\"M1671 566q0 40-28 68l-724 724-136 136q-28 28-68 28t-68-28l-136-136-362-362q-28-28-28-68t28-68l136-136q28-28 68-28t68 28l294 295 656-657q28-28 68-28t68 28l136 136q28 28 28 68z\"><\/path><\/svg><\/span><\/div>\n<span class=\"list-text d-block\"><span>rodzaj gniazda \u2013 JAZ-20101 \u00b7  przeka\u017aniki kontaktronowe K-32 1\u00d71, K-32 2\u00d71 \u2013 400 Ohm +\/-15% \u2191 \u22644,3V, \u2193 \u22651,6V.<\/span><\/span>\n<\/div>\n<\/span>\n<div class=\"list-container-divider d-flex justify-content-lg-start justify-content-md-start justify-content-start\" style=\"display: none;\">\n  <!---->\n<\/div>\n<div class=\"list-container-divider d-flex justify-content-lg-start justify-content-md-start justify-content-start last-el-spacer\"><\/div>\n<\/li>\n<\/ul>\n<\/div>\n<\/div>\n<\/div>\n<\/div>\n<\/div>\n<\/div>\n<div data-colibri-id=\"384-c12\" class=\"h-row-container gutters-row-lg-2 gutters-row-md-2 gutters-row-0 gutters-row-v-lg-2 gutters-row-v-md-2 gutters-row-v-2 style-1116 style-local-384-c12 position-relative\">\n  <!---->\n  <div class=\"h-row justify-content-lg-center justify-content-md-center justify-content-center align-items-lg-stretch align-items-md-stretch align-items-stretch gutters-col-lg-2 gutters-col-md-2 gutters-col-0 gutters-col-v-lg-2 gutters-col-v-md-2 gutters-col-v-2\">\n    <!---->\n    <div class=\"h-column h-column-container d-flex h-col-lg-auto h-col-md-auto h-col-auto style-1117-outer style-local-384-c13-outer\">\n      <div data-colibri-id=\"384-c13\" class=\"d-flex h-flex-basis h-column__inner h-px-lg-2 h-px-md-2 h-px-2 v-inner-lg-2 v-inner-md-2 v-inner-2 style-1117 style-local-384-c13 position-relative\">\n        <!---->\n        <!---->\n        <div class=\"w-100 h-y-container h-column__content h-column__v-align flex-basis-100 align-self-lg-start align-self-md-start align-self-start\">\n          <!---->\n          <div data-colibri-id=\"384-c14\" class=\"h-text h-text-component style-1118 style-local-384-c14 position-relative h-element\">\n            <!---->\n            <!---->\n            <div class=\"\">\n              <p><span style=\"color: rgb(70, 112, 127);\">Urz\u0105dzenie zabudowane jest w standardowej obudowie dla przeka\u017anik\u00f3w <\/span><strong style=\"color: rgb(70, 112, 127);\">JRF<\/strong><span style=\"color: rgb(70, 112, 127);\">, o wymiarach <\/span>\n                <strong\n                  style=\"color: rgb(70, 112, 127);\">80x40x108mm<\/strong><span style=\"color: rgb(70, 112, 127);\">. Do ka\u017cdego egzemplarza do\u0142\u0105czana jest p\u0142ytka to\u017csamo\u015bci (z odpowiednim kodem) oraz kab\u0142\u0105k, czyli elementy umo\u017cliwiaj\u0105ce monta\u017c zespo\u0142u w gnie\u017adzie typu <\/span><strong style=\"color: rgb(70, 112, 127);\">JAZ-20101<\/strong>\n                  <span\n                    style=\"color: rgb(70, 112, 127);\">.<\/span>\n              <\/p>\n              <p><span style=\"color: rgb(70, 112, 127);\">Zestaw jest wykonany zgodnie z dokumentacj\u0105 techniczn\u0105 i spe\u0142nia wymagania <\/span><strong style=\"color: rgb(70, 112, 127);\">WTO\/ERK-4002<\/strong><span style=\"color: rgb(70, 112, 127);\">.<\/span><\/p>\n              <p><strong style=\"color: rgb(70, 112, 127);\"><br><\/strong><\/p>\n            <\/div>\n          <\/div>\n        <\/div>\n      <\/div>\n    <\/div>\n  <\/div>\n<\/div>\n<\/div>\n<\/div>\n<\/div>","protected":false},"excerpt":{"rendered":"<p>Zestaw wtykowy ERK-4002 wchodzi w sk\u0142ad wyposa\u017cenia p\u00f3\u0142samoczynnej blokady liniowej typu Eap-94 \u2013 realizuje on funkcj\u0119 kontroli wjazdu poci\u0105gu przy wsp\u00f3\u0142pracy z urz\u0105dzeniami typu EON. Zestaw sk\u0142ada si\u0119 z dw\u00f3ch przeka\u017anik\u00f3w kontaktronowych zamontowanych na jednej p\u0142ytce drukowanej. Dzia\u0142anie ERK-4002 polega na tym, \u017ce przeka\u017aniki te powinny wzbudzi\u0107 si\u0119 przy zasilaniu pr\u0105dem sta\u0142ym o napi\u0119ciu mniejszym [&hellip;]<\/p>\n","protected":false},"author":1,"featured_media":0,"parent":0,"menu_order":0,"comment_status":"closed","ping_status":"closed","template":"page-templates\/full-width-page.php","meta":{"footnotes":""},"class_list":["post-384","page","type-page","status-publish","hentry"],"_links":{"self":[{"href":"http:\/\/pphu-mgrot.pl\/index.php\/wp-json\/wp\/v2\/pages\/384","targetHints":{"allow":["GET"]}}],"collection":[{"href":"http:\/\/pphu-mgrot.pl\/index.php\/wp-json\/wp\/v2\/pages"}],"about":[{"href":"http:\/\/pphu-mgrot.pl\/index.php\/wp-json\/wp\/v2\/types\/page"}],"author":[{"embeddable":true,"href":"http:\/\/pphu-mgrot.pl\/index.php\/wp-json\/wp\/v2\/users\/1"}],"replies":[{"embeddable":true,"href":"http:\/\/pphu-mgrot.pl\/index.php\/wp-json\/wp\/v2\/comments?post=384"}],"version-history":[{"count":9,"href":"http:\/\/pphu-mgrot.pl\/index.php\/wp-json\/wp\/v2\/pages\/384\/revisions"}],"predecessor-version":[{"id":1904,"href":"http:\/\/pphu-mgrot.pl\/index.php\/wp-json\/wp\/v2\/pages\/384\/revisions\/1904"}],"wp:attachment":[{"href":"http:\/\/pphu-mgrot.pl\/index.php\/wp-json\/wp\/v2\/media?parent=384"}],"curies":[{"name":"wp","href":"https:\/\/api.w.org\/{rel}","templated":true}]}}