{"id":754,"date":"2020-04-25T17:43:59","date_gmt":"2020-04-25T15:43:59","guid":{"rendered":"http:\/\/pphu-mgrot.pl\/?page_id=754"},"modified":"2020-05-01T15:23:43","modified_gmt":"2020-05-01T13:23:43","slug":"dlaczego-my","status":"publish","type":"page","link":"http:\/\/pphu-mgrot.pl\/index.php\/dlaczego-my\/","title":{"rendered":"Dlaczego my"},"content":{"rendered":"<div data-colibri-id=\"754-c1\" class=\"style-716 style-local-754-c1 position-relative\">\n  <!---->\n  <div data-colibri-component=\"section\" data-colibri-id=\"754-c2\" id=\"overlappable\" class=\"h-section h-section-global-spacing d-flex align-items-lg-center align-items-md-center align-items-center style-717 style-local-754-c2 position-relative\">\n    <!---->\n    <!---->\n    <div class=\"h-section-grid-container h-section-boxed-container\">\n      <!---->\n      <div data-colibri-id=\"754-c3\" class=\"h-row-container gutters-row-lg-2 gutters-row-md-0 gutters-row-2 gutters-row-v-lg-2 gutters-row-v-md-0 gutters-row-v-2 style-718 style-local-754-c3 position-relative\">\n        <!---->\n        <div class=\"h-row justify-content-lg-center justify-content-md-center justify-content-center align-items-lg-stretch align-items-md-stretch align-items-stretch gutters-col-lg-2 gutters-col-md-0 gutters-col-2 gutters-col-v-lg-2 gutters-col-v-md-0 gutters-col-v-2\">\n          <!---->\n          <div class=\"h-column h-column-container d-flex h-col-lg-4 h-col-md-4 h-col-12 style-719-outer style-local-754-c4-outer\">\n            <div data-colibri-id=\"754-c4\" class=\"d-flex h-flex-basis h-column__inner h-px-lg-2 h-px-md-3 h-px-2 v-inner-lg-0 v-inner-md-3 v-inner-2 style-719 style-local-754-c4 position-relative\">\n              <!---->\n              <!---->\n              <div class=\"w-100 h-y-container h-column__content h-column__v-align flex-basis-100 align-self-lg-start align-self-md-start align-self-start\">\n                <!---->\n                <div data-colibri-id=\"754-c5\" class=\"h-icon style-720 style-local-754-c5 position-relative h-element\">\n                  <!----><span class=\"h-svg-icon h-icon__icon style-720-icon style-local-754-c5-icon\"><!--Icon by Icons8 Line Awesome (https:\/\/icons8.com\/line-awesome)--><svg version=\"1.1\" xmlns=\"http:\/\/www.w3.org\/2000\/svg\" xmlns:xlink=\"http:\/\/www.w3.org\/1999\/xlink\" id=\"train\" viewBox=\"0 0 512 545.5\"><path d=\"M224 80h64c20.14 0 34.428 14.248 41.5 32H352c43.992 0 80 36.008 80 80v176c0 38.794-23.208 72.394-56.5 87.5L416 496h-37.5L346 463.5c-3.218.33-6.698.5-10 .5H176c-3.302 0-6.782-.17-10-.5L133.5 496H96l40.5-40.5C103.208 440.394 80 406.794 80 368V192c0-43.992 36.008-80 80-80h22.5c7.072-17.752 21.36-32 41.5-32zm0 32c-9.04 0-16 6.96-16 16v16h-48c-21.094 0-38.988 13.248-45.5 32h283c-6.512-18.752-24.406-32-45.5-32h-48v-16c0-9.04-6.96-16-16-16h-64zm-112 96v80h288v-80H112zm0 112v48c0 35.526 28.474 64 64 64h160c35.526 0 64-28.474 64-64v-48H112zm144 16c17.673 0 32 14.327 32 32s-14.327 32-32 32-32-14.327-32-32 14.327-32 32-32z\"><\/path><\/svg><\/span><\/div>\n                <div\n                  data-colibri-id=\"754-c6\" class=\"h-global-transition-all h-heading style-721 style-local-754-c6 position-relative h-element\">\n                  <!---->\n                  <!---->\n                  <h5 class=\"\">WIEDZA I DO\u015aWIADCZENIE<\/h5>\n              <\/div>\n              <div data-colibri-id=\"754-c7\" class=\"h-text h-text-component style-722 style-local-754-c7 position-relative h-element\">\n                <!---->\n                <!---->\n                <div class=\"\">\n                  <p>Zapewniamy znajomo\u015b\u0107 specyficznego rynku kolejowego, od lat wsp\u00f3\u0142pracujemy z uznanymi firmami w bran\u017cy.\n                    <br>\n                  <\/p>\n                <\/div>\n              <\/div>\n            <\/div>\n          <\/div>\n        <\/div>\n        <div class=\"h-column h-column-container d-flex h-col-lg-4 h-col-md-4 h-col-12 style-719-outer style-local-754-c8-outer\">\n          <div data-colibri-id=\"754-c8\" class=\"d-flex h-flex-basis h-column__inner h-px-lg-2 h-px-md-3 h-px-2 v-inner-lg-0 v-inner-md-3 v-inner-2 style-719 style-local-754-c8 position-relative\">\n            <!---->\n            <!---->\n            <div class=\"w-100 h-y-container h-column__content h-column__v-align flex-basis-100 align-self-lg-start align-self-md-start align-self-start\">\n              <!---->\n              <div data-colibri-id=\"754-c9\" class=\"h-icon style-720 style-local-754-c9 position-relative h-element\">\n                <!----><span class=\"h-svg-icon h-icon__icon style-720-icon style-local-754-c9-icon\"><!--Icon by Font Awesome (https:\/\/fontawesome.com)--><svg version=\"1.1\" xmlns=\"http:\/\/www.w3.org\/2000\/svg\" xmlns:xlink=\"http:\/\/www.w3.org\/1999\/xlink\" id=\"diamond\" viewBox=\"0 0 2048.0005 1896.0833\"><path d=\"M212 768l623 665-300-665H212zm812 772l349-772H675zM538 640l204-384H480L192 640h346zm675 793l623-665h-323zM683 640h682l-204-384H887zm827 0h346l-288-384h-262zm141-486l384 512q14 18 13 41.5t-17 40.5l-960 1024q-18 20-47 20t-47-20L17 748Q1 731 0 707.5T13 666l384-512q18-26 51-26h1152q33 0 51 26z\"><\/path><\/svg><\/span><\/div>\n              <div\n                data-colibri-id=\"754-c10\" class=\"h-global-transition-all h-heading style-721 style-local-754-c10 position-relative h-element\">\n                <!---->\n                <!---->\n                <h5 class=\"\">GWARANCJA JAKO\u015aCI<\/h5>\n            <\/div>\n            <div data-colibri-id=\"754-c11\" class=\"h-text h-text-component style-722 style-local-754-c11 position-relative h-element\">\n              <!---->\n              <!---->\n              <div class=\"\">\n                <p>Posiadamy sprawdzone i cenione przez Klient\u00f3w wyroby, utrzymujemy konkurencyjno\u015b\u0107 cenow\u0105.\n                  <br>\n                <\/p>\n              <\/div>\n            <\/div>\n          <\/div>\n        <\/div>\n      <\/div>\n      <div class=\"h-column h-column-container d-flex h-col-lg-4 h-col-md-4 h-col-12 style-719-outer style-local-754-c12-outer\">\n        <div data-colibri-id=\"754-c12\" class=\"d-flex h-flex-basis h-column__inner h-px-lg-2 h-px-md-3 h-px-2 v-inner-lg-0 v-inner-md-3 v-inner-2 style-719 style-local-754-c12 position-relative\">\n          <!---->\n          <!---->\n          <div class=\"w-100 h-y-container h-column__content h-column__v-align flex-basis-100 align-self-lg-start align-self-md-start align-self-start\">\n            <!---->\n            <div data-colibri-id=\"754-c13\" class=\"h-icon style-720 style-local-754-c13 position-relative h-element\">\n              <!----><span class=\"h-svg-icon h-icon__icon style-720-icon style-local-754-c13-icon\"><!--Icon by Material Icons (https:\/\/material.io)--><svg version=\"1.1\" xmlns=\"http:\/\/www.w3.org\/2000\/svg\" xmlns:xlink=\"http:\/\/www.w3.org\/1999\/xlink\" id=\"contact_phone\" viewBox=\"0 0 512 512\"><path d=\"M381 299q-8-21-8-43t8-43h35l32-42-42-43q-44 33-59 85-6 21-6 43t6 43q15 52 59 85l42-43-32-42h-35zm-82 85v-21q0-29-44-47.5T171 297q-40 0-84 18.5T43 363v21h256zm-83-237q-19-19-45-19t-45 19q-19 19-19 45t19 45q19 19 45 19t45-19q19-19 19-45t-19-45zm253-83q17 0 30 13t13 30v298q0 17-13 30t-30 13H43q-17 0-30-13T0 405V107q0-17 13-30t30-13h426z\"><\/path><\/svg><\/span><\/div>\n            <div\n              data-colibri-id=\"754-c14\" class=\"h-global-transition-all h-heading style-721 style-local-754-c14 position-relative h-element\">\n              <!---->\n              <!---->\n              <h5 class=\"\">ELASTYCZNO\u015a\u0106<\/h5>\n          <\/div>\n          <div data-colibri-id=\"754-c15\" class=\"h-text h-text-component style-722 style-local-754-c15 position-relative h-element\">\n            <!---->\n            <!---->\n            <div class=\"\">\n              <p>Oferujemy indywidualne podej\u015bcie i analiz\u0119 potrzeb Klienta, jeste\u015bmy otwarci na wszelkie sugestie oraz projekty.<\/p>\n            <\/div>\n          <\/div>\n        <\/div>\n      <\/div>\n    <\/div>\n  <\/div>\n<\/div>\n<div data-colibri-id=\"754-c30\" class=\"h-row-container gutters-row-lg-1 gutters-row-md-1 gutters-row-0 gutters-row-v-lg-1 gutters-row-v-md-1 gutters-row-v-1 style-1546 style-local-754-c30 position-relative\">\n  <!---->\n  <div class=\"h-row justify-content-lg-center justify-content-md-center justify-content-center align-items-lg-stretch align-items-md-stretch align-items-stretch gutters-col-lg-1 gutters-col-md-1 gutters-col-0 gutters-col-v-lg-1 gutters-col-v-md-1 gutters-col-v-1\">\n    <!---->\n    <div class=\"h-column h-column-container d-flex h-col-lg-auto h-col-md-auto h-col-auto style-1547-outer style-local-754-c31-outer\">\n      <div data-colibri-id=\"754-c31\" class=\"d-flex h-flex-basis h-column__inner h-ui-empty-state-container h-px-lg-1 h-px-md-1 h-px-1 v-inner-lg-1 v-inner-md-1 v-inner-1 style-1547 style-local-754-c31 position-relative\">\n        <!---->\n        <!---->\n        <div class=\"w-100 h-y-container h-column__content h-column__v-align flex-basis-100\">\n          <!---->\n        <\/div>\n      <\/div>\n    <\/div>\n  <\/div>\n<\/div>\n<\/div>\n<\/div>\n<div data-colibri-component=\"section\" data-colibri-id=\"754-c16\" id=\"overlappable-2\" class=\"h-section h-section-global-spacing d-flex align-items-lg-center align-items-md-center align-items-center style-723 style-local-754-c16 position-relative\">\n  <!---->\n  <!---->\n  <div class=\"h-section-grid-container h-section-boxed-container\">\n    <!---->\n    <div data-colibri-id=\"754-c17\" class=\"h-row-container gutters-row-lg-2 gutters-row-md-0 gutters-row-2 gutters-row-v-lg-2 gutters-row-v-md-0 gutters-row-v-2 style-724 style-local-754-c17 position-relative\">\n      <!---->\n      <div class=\"h-row justify-content-lg-center justify-content-md-center justify-content-center align-items-lg-stretch align-items-md-stretch align-items-stretch gutters-col-lg-2 gutters-col-md-0 gutters-col-2 gutters-col-v-lg-2 gutters-col-v-md-0 gutters-col-v-2\">\n        <!---->\n        <div class=\"h-column h-column-container d-flex h-col-lg-4 h-col-md-4 h-col-12 style-725-outer style-local-754-c18-outer\">\n          <div data-colibri-id=\"754-c18\" class=\"d-flex h-flex-basis h-column__inner h-px-lg-2 h-px-md-3 h-px-2 v-inner-lg-0 v-inner-md-3 v-inner-2 style-725 style-local-754-c18 position-relative\">\n            <!---->\n            <!---->\n            <div class=\"w-100 h-y-container h-column__content h-column__v-align flex-basis-100 align-self-lg-start align-self-md-start align-self-start\">\n              <!---->\n              <div data-colibri-id=\"754-c19\" class=\"h-icon style-726 style-local-754-c19 position-relative h-element\">\n                <!----><span class=\"h-svg-icon h-icon__icon style-726-icon style-local-754-c19-icon\"><!--Icon by Foundation Icons (https:\/\/zurb.com\/playground\/foundation-icon-fonts-3)--><svg version=\"1.1\" xmlns=\"http:\/\/www.w3.org\/2000\/svg\" xmlns:xlink=\"http:\/\/www.w3.org\/1999\/xlink\" id=\"clipboard-notes\" viewBox=\"0 0 315 512.5\"><path d=\"M315 88.25v362c0 15-12 27-27 27H27c-15 0-27-12-27-27v-362c0-15 12-27 27-27h75v-18c0-5 3-8 8-8h95c5 0 8 3 8 8v18h75c15 0 27 12 27 27zm-51 338v-314h-25v16c0 5-5 9-10 9H86c-5 0-10-4-10-9v-16H51v314h213zm-162-215v13c0 3-3 6-6 6H83c-3 0-7-3-7-6v-13c0-3 4-7 7-7h12v1l1-1c3 0 6 4 6 7zm137 0v13c0 3-4 6-7 6h-98c-3 0-7-3-7-6v-13c0-3 4-7 7-7h98c3 0 7 4 7 7zm-137 51v13c0 3-3 6-6 6H83c-3 0-7-3-7-6v-13c0-3 4-7 7-7h12v1l1-1c3 0 6 4 6 7zm137 0v13c0 3-4 6-7 6h-98c-3 0-7-3-7-6v-13c0-3 4-7 7-7h98c3 0 7 4 7 7zm-137 51v13c0 3-3 6-6 6H83c-3 0-7-3-7-6v-13c0-3 4-6 7-6h13c3 0 6 3 6 6zm137 0v13c0 3-4 6-7 6h-98c-3 0-7-3-7-6v-13c0-3 4-6 7-6h98c3 0 7 3 7 6z\"><\/path><\/svg><\/span><\/div>\n              <div\n                data-colibri-id=\"754-c20\" class=\"h-global-transition-all h-heading style-727 style-local-754-c20 position-relative h-element\">\n                <!---->\n                <!---->\n                <h5 class=\"\">KOMPLEKSOWO\u015a\u0106<\/h5>\n            <\/div>\n            <div data-colibri-id=\"754-c21\" class=\"h-text h-text-component style-728 style-local-754-c21 position-relative h-element\">\n              <!---->\n              <!---->\n              <div class=\"\">\n                <p>Gwarantujemy dost\u0119p do jak najlepszych produkt\u00f3w, dopasowanych do potrzeb Klienta.\n                  <br>\n                <\/p>\n              <\/div>\n            <\/div>\n          <\/div>\n        <\/div>\n      <\/div>\n      <div class=\"h-column h-column-container d-flex h-col-lg-4 h-col-md-4 h-col-12 style-725-outer style-local-754-c22-outer\">\n        <div data-colibri-id=\"754-c22\" class=\"d-flex h-flex-basis h-column__inner h-px-lg-2 h-px-md-3 h-px-2 v-inner-lg-0 v-inner-md-3 v-inner-2 style-725 style-local-754-c22 position-relative\">\n          <!---->\n          <!---->\n          <div class=\"w-100 h-y-container h-column__content h-column__v-align flex-basis-100 align-self-lg-start align-self-md-start align-self-start\">\n            <!---->\n            <div data-colibri-id=\"754-c23\" class=\"h-icon style-726 style-local-754-c23 position-relative h-element\">\n              <!----><span class=\"h-svg-icon h-icon__icon style-726-icon style-local-754-c23-icon\"><!--Icon by Icons8 Line Awesome (https:\/\/icons8.com\/line-awesome)--><svg version=\"1.1\" xmlns=\"http:\/\/www.w3.org\/2000\/svg\" xmlns:xlink=\"http:\/\/www.w3.org\/1999\/xlink\" id=\"truck\" viewBox=\"0 0 512 545.5\"><path d=\"M0 96h288v64h86.5l5 4.5 96 96 4.5 5V432h-50.5c-7.153 27.518-31.85 48-61.5 48s-54.347-20.482-61.5-48h-133c-7.153 27.518-31.85 48-61.5 48s-54.347-20.482-61.5-48H0V96zm32 32v272h18.5c7.153-27.518 31.85-48 61.5-48s54.347 20.482 61.5 48H256V128H32zm256 64v208h18.5c7.153-27.518 31.85-48 61.5-48s54.347 20.482 61.5 48H448V279l-87-87h-73zM112 384c-17.862 0-32 14.138-32 32s14.138 32 32 32 32-14.138 32-32-14.138-32-32-32zm256 0c-17.862 0-32 14.138-32 32s14.138 32 32 32 32-14.138 32-32-14.138-32-32-32z\"><\/path><\/svg><\/span><\/div>\n            <div\n              data-colibri-id=\"754-c24\" class=\"h-global-transition-all h-heading style-727 style-local-754-c24 position-relative h-element\">\n              <!---->\n              <!---->\n              <h5 class=\"\">ZAWSZE NA CZAS<\/h5>\n          <\/div>\n          <div data-colibri-id=\"754-c25\" class=\"h-text h-text-component style-728 style-local-754-c25 position-relative h-element\">\n            <!---->\n            <!---->\n            <div class=\"\">\n              <p>Terminowo realizujemy zam\u00f3wienia zgodnie z wymaganiami naszych Kontrahent\u00f3w.<\/p>\n            <\/div>\n          <\/div>\n        <\/div>\n      <\/div>\n    <\/div>\n    <div class=\"h-column h-column-container d-flex h-col-lg-4 h-col-md-4 h-col-12 style-725-outer style-local-754-c26-outer\">\n      <div data-colibri-id=\"754-c26\" class=\"d-flex h-flex-basis h-column__inner h-px-lg-2 h-px-md-3 h-px-2 v-inner-lg-0 v-inner-md-3 v-inner-2 style-725 style-local-754-c26 position-relative\">\n        <!---->\n        <!---->\n        <div class=\"w-100 h-y-container h-column__content h-column__v-align flex-basis-100 align-self-lg-start align-self-md-start align-self-start\">\n          <!---->\n          <div data-colibri-id=\"754-c27\" class=\"h-icon style-726 style-local-754-c27 position-relative h-element\">\n            <!----><span class=\"h-svg-icon h-icon__icon style-726-icon style-local-754-c27-icon\"><!--Icon by Typicons (https:\/\/www.s-ings.com\/typicons)--><svg version=\"1.1\" xmlns=\"http:\/\/www.w3.org\/2000\/svg\" xmlns:xlink=\"http:\/\/www.w3.org\/1999\/xlink\" id=\"group-outline\" viewBox=\"0 0 24 24\"><path d=\"M12 14c2.764 0 5-2.238 5-5s-2.236-5-5-5-5 2.238-5 5 2.236 5 5 5zm0-8c1.654 0 3 1.346 3 3s-1.346 3-3 3-3-1.346-3-3 1.346-3 3-3zm8 9c1.38 0 2.5-1.117 2.5-2.5 0-1.38-1.12-2.5-2.5-2.5-1.382 0-2.5 1.12-2.5 2.5 0 1.383 1.118 2.5 2.5 2.5zm0-4c.827 0 1.5.673 1.5 1.5S20.827 14 20 14s-1.5-.673-1.5-1.5.673-1.5 1.5-1.5zm0 4.59c-1.33 0-2.332.406-2.917.97C15.968 15.64 14.205 15 12 15c-2.266 0-3.995.648-5.092 1.564C6.312 16 5.3 15.59 4 15.59c-2.188 0-3.5 1.09-3.5 2.182 0 .545 1.312 1.092 3.5 1.092.604 0 1.146-.05 1.623-.133l-.04.27c0 1 2.405 2 6.417 2 3.762 0 6.417-1 6.417-2l-.02-.254c.462.073.995.118 1.603.118 2.05 0 3.5-.547 3.5-1.092 0-1.092-1.373-2.182-3.5-2.182zM4 17.863c-1.31 0-2.068-.207-2.417-.354.24-.406 1.003-.92 2.417-.92 1.107 0 1.837.35 2.208.705l-.235.344c-.452.118-1.108.223-1.973.223zM12 19c-2.163 0-3.5-.312-4.184-.56C8.336 17.76 9.734 17 12 17c2.17 0 3.59.76 4.148 1.425-.755.27-2.162.575-4.148.575zm8-1.137c-.914 0-1.546-.103-1.973-.213-.072-.127-.155-.252-.248-.375.355-.345 1.07-.685 2.22-.685 1.324 0 2.14.5 2.404.91-.39.164-1.205.363-2.404.363zM4 15c1.38 0 2.5-1.12 2.5-2.5S5.38 10 4 10c-1.382 0-2.5 1.12-2.5 2.5S2.618 15 4 15zm0-4c.827 0 1.5.673 1.5 1.5S4.827 14 4 14s-1.5-.673-1.5-1.5S3.173 11 4 11z\"><\/path><\/svg><\/span><\/div>\n          <div\n            data-colibri-id=\"754-c28\" class=\"h-global-transition-all h-heading style-727 style-local-754-c28 position-relative h-element\">\n            <!---->\n            <!---->\n            <h5 class=\"\">LICZY SI\u0118 KLIENT<\/h5>\n        <\/div>\n        <div data-colibri-id=\"754-c29\" class=\"h-text h-text-component style-728 style-local-754-c29 position-relative h-element\">\n          <!---->\n          <!---->\n          <div class=\"\">\n            <p>Wszelkie nasze dzia\u0142ania skupiaj\u0105 si\u0119 na zyskaniu zadowolenia Klient\u00f3w.<\/p>\n          <\/div>\n        <\/div>\n      <\/div>\n    <\/div>\n  <\/div>\n<\/div>\n<\/div>\n<\/div>\n<\/div>\n<\/div>","protected":false},"excerpt":{"rendered":"<p>WIEDZA I DO\u015aWIADCZENIE Zapewniamy znajomo\u015b\u0107 specyficznego rynku kolejowego, od lat wsp\u00f3\u0142pracujemy z uznanymi firmami w bran\u017cy. GWARANCJA JAKO\u015aCI Posiadamy sprawdzone i cenione przez Klient\u00f3w wyroby, utrzymujemy konkurencyjno\u015b\u0107 cenow\u0105. ELASTYCZNO\u015a\u0106 Oferujemy indywidualne podej\u015bcie i analiz\u0119 potrzeb Klienta, jeste\u015bmy otwarci na wszelkie sugestie oraz projekty. KOMPLEKSOWO\u015a\u0106 Gwarantujemy dost\u0119p do jak najlepszych produkt\u00f3w, dopasowanych do potrzeb Klienta. ZAWSZE [&hellip;]<\/p>\n","protected":false},"author":1,"featured_media":0,"parent":0,"menu_order":0,"comment_status":"closed","ping_status":"closed","template":"page-templates\/full-width-page.php","meta":{"footnotes":""},"class_list":["post-754","page","type-page","status-publish","hentry"],"_links":{"self":[{"href":"http:\/\/pphu-mgrot.pl\/index.php\/wp-json\/wp\/v2\/pages\/754","targetHints":{"allow":["GET"]}}],"collection":[{"href":"http:\/\/pphu-mgrot.pl\/index.php\/wp-json\/wp\/v2\/pages"}],"about":[{"href":"http:\/\/pphu-mgrot.pl\/index.php\/wp-json\/wp\/v2\/types\/page"}],"author":[{"embeddable":true,"href":"http:\/\/pphu-mgrot.pl\/index.php\/wp-json\/wp\/v2\/users\/1"}],"replies":[{"embeddable":true,"href":"http:\/\/pphu-mgrot.pl\/index.php\/wp-json\/wp\/v2\/comments?post=754"}],"version-history":[{"count":16,"href":"http:\/\/pphu-mgrot.pl\/index.php\/wp-json\/wp\/v2\/pages\/754\/revisions"}],"predecessor-version":[{"id":1848,"href":"http:\/\/pphu-mgrot.pl\/index.php\/wp-json\/wp\/v2\/pages\/754\/revisions\/1848"}],"wp:attachment":[{"href":"http:\/\/pphu-mgrot.pl\/index.php\/wp-json\/wp\/v2\/media?parent=754"}],"curies":[{"name":"wp","href":"https:\/\/api.w.org\/{rel}","templated":true}]}}